{"id":89023,"date":"2020-12-26T21:17:06","date_gmt":"2020-12-26T19:17:06","guid":{"rendered":"https:\/\/castilloeng.testidomain.info\/castillo-hirvas\/"},"modified":"2025-12-19T11:25:53","modified_gmt":"2025-12-19T09:25:53","slug":"castillo-hirvas","status":"publish","type":"page","link":"https:\/\/castillo.fi\/en\/castillo-hirvas\/","title":{"rendered":"Castillo Hirvas"},"content":{"rendered":"<div class=\"wpb-content-wrapper\"><p>[vc_row unlock_row_content=&#8221;yes&#8221; row_height_percent=&#8221;0&#8243; override_padding=&#8221;yes&#8221; h_padding=&#8221;2&#8243; top_padding=&#8221;2&#8243; bottom_padding=&#8221;2&#8243; back_color=&#8221;color-816856&#8243; overlay_alpha=&#8221;100&#8243; gutter_size=&#8221;100&#8243; column_width_percent=&#8221;100&#8243; shift_y=&#8221;0&#8243; z_index=&#8221;0&#8243; style=&#8221;inherited&#8221; row_name=&#8221;blog&#8221;][vc_column column_width_percent=&#8221;100&#8243; gutter_size=&#8221;3&#8243; overlay_alpha=&#8221;50&#8243; shift_x=&#8221;0&#8243; shift_y=&#8221;0&#8243; shift_y_down=&#8221;0&#8243; z_index=&#8221;0&#8243; medium_width=&#8221;0&#8243; mobile_width=&#8221;0&#8243; width=&#8221;1\/2&#8243;][vc_custom_heading]<\/p>\n<h4><span class=\"font-377884\" style=\"color: #333333;\"><strong>CASTILLO\u00a0HIRVAS 7 \u2013 Apartments in the middle of the nature, 4+2 ppl per apartment<\/strong><\/span><\/h4>\n<p>[\/vc_custom_heading][vc_column_text uncode_shortcode_id=&#8221;145413&#8243;]<span style=\"color: #808080;\">Castillo Hirvas 7 A, B, C and D is a combination of two identical semi-detached houses. They are located next to each other at the southern hillside of Kaunisp\u00e4\u00e4 at the middle of Suopunkitie one kilometre away from the centre of Saariselk\u00e4. The semi-detached houses are located near each other. But not too near so that the neighbor\u2019s living won\u2019t disturb your vacation. <\/span><\/p>\n<p><span style=\"color: #808080;\">Even though it\u2019s not a long way to the other houses in the middle of ring road, Castillo Hirvas apartments are located in the middle of nature so that other neighbours won\u2019t disturb your vacation. All the apartments have a terrace facing south and the wilderness of Lapland starts from the terrace. <\/span><\/p>\n<p><span style=\"color: #808080;\"><br \/>\nAll four apartments are similar 67+8 (loft) squares ensembles of two double bedrooms and a small loft. Every apartment also has a big warming fireplace in the middle of the living room. It\u2019s possible to book several apartments from the same court at the same time. This way Castillo Hirvas 7 offers a great accommodation option for a group up to 24 people! The ski tracks and the snowmobile tracks of Saariselk\u00e4 go right by the apartments. During summer you can start berry picking straight from the terrace. There are various parking lots at the court of the apartments and also utility poles available for the parking. <\/span>[\/vc_column_text][vc_separator sep_color=&#8221;color-212744&#8243; el_height=&#8221;1 px&#8221;][vc_column_text]<\/p>\n<h5><strong><span class=\"font-377884\" style=\"color: #333333;\">Basic information<\/span><\/strong><\/h5>\n<p>[\/vc_column_text][vc_row_inner][vc_column_inner width=&#8221;1\/1&#8243;][vc_column_text]<\/p>\n<ul>\n<li><span style=\"color: #808080;\">Number of persons: 4 + 2 <\/span><\/li>\n<li><span style=\"color: #808080;\">area: 67 m<sup>2<\/sup><\/span><\/li>\n<\/ul>\n<p><span style=\"color: #808080;\">Beds on the rooms<\/span><\/p>\n<ul>\n<li><span style=\"color: #808080;\">Bedroom number 1: 2 beds for 1 person which can be together or separate<\/span><\/li>\n<li><span style=\"color: #808080;\">Bedroom number 2: Bunk bed. Uper 70 cm and the bed under 120 cm<\/span><\/li>\n<li><span style=\"color: #808080;\">The loft: 2-3 mattress to put where ever you want<\/span><\/li>\n<\/ul>\n<p>[\/vc_column_text][\/vc_column_inner][\/vc_row_inner][vc_separator sep_color=&#8221;color-212744&#8243; el_height=&#8221;1 px&#8221;][vc_column_text]<\/p>\n<h5><span class=\"font-377884\" style=\"color: #333333;\">Features<\/span><\/h5>\n<p>[\/vc_column_text][vc_row_inner][vc_column_inner width=&#8221;1\/2&#8243;][vc_column_text uncode_shortcode_id=&#8221;122697&#8243;]<\/p>\n<ul>\n<li><span style=\"color: #808080;\">Fridge<\/span><\/li>\n<li><span style=\"color: #808080;\">Dishwasher<\/span><\/li>\n<li><span style=\"color: #808080;\">Oven<\/span><\/li>\n<li><span style=\"color: #808080;\">Stove<\/span><\/li>\n<li><span style=\"color: #808080;\">Microwave oven<\/span><\/li>\n<li><span style=\"color: #808080;\">Coffee maker and electric kettle<\/span><\/li>\n<li><span style=\"color: #808080;\">Mixer<\/span><\/li>\n<li><span style=\"color: #808080;\">Washing machine<\/span><\/li>\n<li><span style=\"color: #808080;\">Drying cabinet<\/span><\/li>\n<li><span style=\"color: #808080;\">Iron and ironing bourd<\/span><\/li>\n<li><span style=\"color: #808080;\">Hairdryer<\/span><\/li>\n<li><span style=\"color: #808080;\">Internet connection<\/span><\/li>\n<li><span style=\"color: #808080;\">Air heat pump<\/span><\/li>\n<\/ul>\n<p>[\/vc_column_text][\/vc_column_inner][vc_column_inner width=&#8221;1\/2&#8243;][vc_column_text]<\/p>\n<ul>\n<li><span style=\"color: #808080;\">Parking place near the accommodation<\/span><\/li>\n<li><span style=\"color: #808080;\">Parking place with electricity<\/span><\/li>\n<li><span style=\"color: #808080;\">Loft<\/span><\/li>\n<li><span style=\"color: #808080;\">Electric sauna<\/span><\/li>\n<li><span style=\"color: #808080;\">Shower<br \/>\n<\/span><\/li>\n<li><span style=\"color: #808080;\">Hearth<\/span><\/li>\n<li><span style=\"color: #808080;\">TV x 1<br \/>\n<\/span><\/li>\n<li><span style=\"color: #808080;\">Toilet x 1<br \/>\n<\/span><\/li>\n<li><span style=\"color: #808080;\">Bed linens (extra charge)<\/span><\/li>\n<li><span style=\"color: #808080;\">Pets allowed (extra charge)<\/span><\/li>\n<li><span style=\"color: #808080;\">Activities equipments (extra charge)<\/span><\/li>\n<li><span style=\"color: #808080;\">Activities (extra charge)<\/span><\/li>\n<\/ul>\n<p>[\/vc_column_text][\/vc_column_inner][\/vc_row_inner][vc_separator sep_color=&#8221;color-212744&#8243; el_height=&#8221;1 px&#8221;][vc_column_text]<\/p>\n<h5><span class=\"font-377884\" style=\"color: #333333;\">Leisure and sports activities<br \/>\n<\/span><\/h5>\n<p>[\/vc_column_text][vc_row_inner][vc_column_inner width=&#8221;1\/2&#8243;][vc_column_text]<\/p>\n<ul>\n<li><span style=\"color: #808080;\">Cross country skiing: 0,2 km<\/span><\/li>\n<li><span style=\"color: #808080;\">Ski resort: 1,5 km<\/span><\/li>\n<li><span style=\"color: #808080;\">Fishing: 5 km<\/span><\/li>\n<li><span style=\"color: #808080;\">Mountain biking: 0,2 km<\/span><\/li>\n<li><span style=\"color: #808080;\">Berry picking: 0,2 km<\/span><\/li>\n<li><span style=\"color: #808080;\">Hunting: 5 km<\/span><\/li>\n<\/ul>\n<p>[\/vc_column_text][\/vc_column_inner][vc_column_inner width=&#8221;1\/2&#8243;][vc_column_text]<\/p>\n<ul>\n<li><span style=\"color: #808080;\">Snowmobiling: 0,2 km<\/span><\/li>\n<li><span style=\"color: #808080;\">Horse riding: 3 km<\/span><\/li>\n<li><span style=\"color: #808080;\">Hiking: 0,2 km<\/span><\/li>\n<li><span style=\"color: #808080;\">Mushroom picking: 0,2 km<\/span><\/li>\n<li><span style=\"color: #808080;\">Swimming: 0,3 km<\/span><\/li>\n<li><span style=\"color: #808080;\">Boating: 10 km<\/span><\/li>\n<\/ul>\n<p>[\/vc_column_text][\/vc_column_inner][\/vc_row_inner][vc_separator sep_color=&#8221;color-212744&#8243; el_height=&#8221;1 px&#8221;][vc_column_text]<\/p>\n<h5><span class=\"font-377884\" style=\"color: #333333;\">Other distances<br \/>\n<\/span><\/h5>\n<p>[\/vc_column_text][vc_row_inner][vc_column_inner width=&#8221;1\/2&#8243;][vc_column_text]<\/p>\n<ul>\n<li><span style=\"color: #808080;\">Parking: 0,05 km<\/span><\/li>\n<li><span style=\"color: #808080;\">Neighbor: 0,1 km<\/span><\/li>\n<li><span style=\"color: #808080;\">Bus-stop: 0,2 km<\/span><\/li>\n<li><span style=\"color: #808080;\">Gas station: 0,8 km<\/span><\/li>\n<li><span style=\"color: #808080;\"> Shop: 1,5 km<\/span><\/li>\n<li><span style=\"color: #808080;\">Spa: 1 km<\/span><\/li>\n<li><span style=\"color: #808080;\">Ski resort: 1,6 km<\/span><\/li>\n<li><span style=\"color: #808080;\">Urho Kekkonen National park: 1,5 km<\/span><\/li>\n<li><span style=\"color: #808080;\">Airport: 28 km<\/span><\/li>\n<li><span style=\"color: #808080;\">Railway station: 260 km<\/span><\/li>\n<\/ul>\n<p>[\/vc_column_text][\/vc_column_inner][vc_column_inner width=&#8221;1\/2&#8243;][vc_column_text]<\/p>\n<ul>\n<li><span style=\"color: #808080;\">Ivalo: 28 km<\/span><\/li>\n<li><span style=\"color: #808080;\">Rovaniemi: 259 km<\/span><\/li>\n<li><span style=\"color: #808080;\">Oulu: 464 km<\/span><\/li>\n<li><span style=\"color: #808080;\">Kuopio: 748 km<\/span><\/li>\n<li><span style=\"color: #808080;\">Vaasa: 782 km<\/span><\/li>\n<li><span style=\"color: #808080;\">Tampere: 964 km<\/span><\/li>\n<li><span style=\"color: #808080;\">Helsinki: 1070 km<\/span><\/li>\n<li><span style=\"color: #808080;\">Turku: 1092 km<\/span><\/li>\n<li><span style=\"color: #808080;\">Saint Petersburg: 1199 km<\/span><\/li>\n<li><span style=\"color: #808080;\">Stockholm: 1404 km<\/span><\/li>\n<\/ul>\n<p>[\/vc_column_text][\/vc_column_inner][\/vc_row_inner][\/vc_column][vc_column width=&#8221;1\/2&#8243;][layerslider_vc id=&#8221;8&#8243;][vc_separator sep_color=&#8221;color-212744&#8243; el_height=&#8221;1 px&#8221;][vc_column_text uncode_shortcode_id=&#8221;210079&#8243;]<a href=\"https:\/\/www.nettimokki.com\/en\/inari\/9952\" target=\"_blank\" rel=\"noopener noreferrer\"><span class=\"font-377884\" style=\"color: #0288d1;\">The availability Calendar \/ make a reservation, Castillo Hirvas &gt;&gt;<\/span><\/a><br \/>\n<a href=\"https:\/\/castillo.fi\/en\/yhteydenotto\/\"><span style=\"color: #0288d1;\">Take contact &gt;&gt;<\/span><\/a>[\/vc_column_text][vc_separator sep_color=&#8221;color-212744&#8243; el_height=&#8221;1 px&#8221;][vc_column_text]<\/p>\n<h5><span class=\"font-377884\" style=\"color: #333333;\">Customers feedback<\/span><\/h5>\n<p><span style=\"color: #333333;\"><span style=\"color: #808080;\"><img decoding=\"async\" class=\"size-full wp-image-88598 alignleft\" src=\"https:\/\/castillo.fi\/wp-content\/uploads\/2020\/12\/russia_h_50.png\" alt=\"\" width=\"75\" height=\"50\" \/>&#8220;\u0423\u0434\u0430\u0447\u043d\u043e\u0435 \u0440\u0430\u0441\u043f\u043e\u043b\u043e\u0436\u0435\u043d\u0438\u0435 \u0434\u043e\u043c\u0430. \u0420\u044f\u0434\u043e\u043c \u0442\u0440\u0430\u0441\u0441\u044b \u0434\u043b\u044f \u0431\u0435\u0433\u043e\u0432\u044b\u0445 \u0438 \u043d\u0435 \u0434\u0430\u043b\u0435\u043a\u043e \u0433\u043e\u0440\u043d\u043e\u043b\u044b\u0436\u043d\u044b\u0439 \u0441\u043a\u043b\u043e\u043d. \u0426\u0435\u043d\u0442\u0440 \u0432 10 \u043c\u0438\u043d\u0443\u0442\u0430\u0445 \u0445\u043e\u0434\u044c\u0431\u044b. \u0421\u0430\u0443\u043d\u0430 \u043e\u0442\u043b\u0438\u0447\u043d\u0430\u044f! \u0415\u0441\u0442\u044c \u0441\u0443\u0448\u0438\u043b\u044c\u043d\u044b\u0439 \u0448\u043a\u0430\u0444. \u0412\u043f\u043e\u043b\u043d\u0435 \u043a\u043e\u043c\u0444\u043e\u0440\u0442\u043d\u044b\u0435 \u043a\u0440\u043e\u0432\u0430\u0442\u0438.&#8221;<\/span><\/span><\/p>\n<p><span style=\"color: #808080;\"><em>Aleksandr, 3\/2020, Ven\u00e4j\u00e4<br \/>\n<\/em><\/span><\/p>\n<p><span style=\"color: #333333;\"><span style=\"color: #808080;\"><img decoding=\"async\" class=\"size-full wp-image-88580 alignleft\" src=\"https:\/\/castillo.fi\/wp-content\/uploads\/2020\/11\/hong-kong_h_50.png\" alt=\"\" width=\"75\" height=\"50\" \/>&#8220;Great location, walking distance to shops and Kaunisp\u00e4\u00e4 pulkam\u00e4ki (toboggan run). Clean, comfortable and warm with private sauna. &#8220;<\/span><\/span><\/p>\n<p><span style=\"color: #808080;\"><em>MIchael 1\/2022, Hong Kong<br \/>\n<\/em><\/span>[\/vc_column_text][\/vc_column][\/vc_row][vc_row row_height_percent=&#8221;0&#8243; override_padding=&#8221;yes&#8221; h_padding=&#8221;2&#8243; top_padding=&#8221;1&#8243; bottom_padding=&#8221;1&#8243; back_color=&#8221;color-816856&#8243; overlay_alpha=&#8221;0&#8243; gutter_size=&#8221;3&#8243; column_width_percent=&#8221;100&#8243; shift_y=&#8221;0&#8243; z_index=&#8221;0&#8243;][vc_column width=&#8221;1\/1&#8243;][vc_column_text]<a href=\"https:\/\/castillo.fi\/en\/\"><span style=\"color: #0288d1;\">&lt;&lt; Back to front page<\/span><\/a>[\/vc_column_text][\/vc_column][\/vc_row]<\/p>\n<\/div>","protected":false},"excerpt":{"rendered":"<p>Castillo Hirvas<\/p>\n","protected":false},"author":1,"featured_media":0,"parent":0,"menu_order":0,"comment_status":"open","ping_status":"closed","template":"","meta":{"footnotes":""},"class_list":["post-89023","page","type-page","status-publish","hentry","page_category-mokki-en"],"_links":{"self":[{"href":"https:\/\/castillo.fi\/en\/wp-json\/wp\/v2\/pages\/89023","targetHints":{"allow":["GET"]}}],"collection":[{"href":"https:\/\/castillo.fi\/en\/wp-json\/wp\/v2\/pages"}],"about":[{"href":"https:\/\/castillo.fi\/en\/wp-json\/wp\/v2\/types\/page"}],"author":[{"embeddable":true,"href":"https:\/\/castillo.fi\/en\/wp-json\/wp\/v2\/users\/1"}],"replies":[{"embeddable":true,"href":"https:\/\/castillo.fi\/en\/wp-json\/wp\/v2\/comments?post=89023"}],"version-history":[{"count":21,"href":"https:\/\/castillo.fi\/en\/wp-json\/wp\/v2\/pages\/89023\/revisions"}],"predecessor-version":[{"id":91588,"href":"https:\/\/castillo.fi\/en\/wp-json\/wp\/v2\/pages\/89023\/revisions\/91588"}],"wp:attachment":[{"href":"https:\/\/castillo.fi\/en\/wp-json\/wp\/v2\/media?parent=89023"}],"curies":[{"name":"wp","href":"https:\/\/api.w.org\/{rel}","templated":true}]}}