{"id":89026,"date":"2020-12-26T21:19:07","date_gmt":"2020-12-26T19:19:07","guid":{"rendered":"https:\/\/castilloeng.testidomain.info\/castillo-kelotahti\/"},"modified":"2026-03-02T09:17:07","modified_gmt":"2026-03-02T07:17:07","slug":"castillo-kelotahti","status":"publish","type":"page","link":"https:\/\/castillo.fi\/en\/castillo-kelotahti\/","title":{"rendered":"Castillo Kelot\u00e4hti"},"content":{"rendered":"<div class=\"wpb-content-wrapper\"><p>[vc_row unlock_row_content=&#8221;yes&#8221; row_height_percent=&#8221;0&#8243; override_padding=&#8221;yes&#8221; h_padding=&#8221;2&#8243; top_padding=&#8221;2&#8243; bottom_padding=&#8221;2&#8243; back_color=&#8221;color-816856&#8243; overlay_alpha=&#8221;100&#8243; gutter_size=&#8221;100&#8243; column_width_percent=&#8221;100&#8243; shift_y=&#8221;0&#8243; z_index=&#8221;0&#8243; style=&#8221;inherited&#8221; row_name=&#8221;blog&#8221;][vc_column column_width_percent=&#8221;100&#8243; gutter_size=&#8221;3&#8243; overlay_alpha=&#8221;50&#8243; shift_x=&#8221;0&#8243; shift_y=&#8221;0&#8243; shift_y_down=&#8221;0&#8243; z_index=&#8221;0&#8243; medium_width=&#8221;0&#8243; mobile_width=&#8221;0&#8243; width=&#8221;1\/2&#8243;][vc_custom_heading uncode_shortcode_id=&#8221;151786&#8243;]<\/p>\n<h4><span style=\"color: #333333;\"><strong>CASTILLO KELOT\u00c4HTI -Luxury apartments in the center of everything for up to 4 people<\/strong><\/span><\/h4>\n<p>[\/vc_custom_heading][vc_column_text uncode_shortcode_id=&#8221;123700&#8243;]<span style=\"color: #808080;\">All the Castillo Chalet\u2019s apartments in the center of Saariselk\u00e4 are located in quiet places and close to all services (Shops, restaurants, Safari-offices, spa, massage etc). And so are our 5 apartments in the new apartment building Kelot\u00e4hti. Each apartment is for four people, they are very new, luxury decorated and well equipped. These apartments are especially good for allergic use because pets are forbidden here. Kelot\u00e4hti apartments are also suitable for disabled people (especially apartments A2, A3 and A 13, which are more spacious).<\/span><\/p>\n<p><span style=\"color: #808080;\">Castillo Kelot\u00e4hti A1 and A4 are two identical 54 square two-room-apartments for 4 people. These apartments are located in the opposite sides of the hallway at the first floor. At the end of the same hallway are two other Castillo Kelot\u00e4hti apartments (A 2 and A3). The apartment A2 is a 60 square spacious two-room-apartment. At this apartment there is a cozy, spacious and bright living room and kitchen thanks to the windows opening to two different directions \u2013 south and north. The apartment\u2019s balcony is faced to the south.<br \/>\n<\/span><\/p>\n<p><span style=\"color: #808080;\">Castillo Kelot\u00e4hti A3 and A 13 are 66,5 square two-bedroom-apartment in the corner of the building (A 3 at the first floor and A 13 at the second floor). The windows at this apartments are faced to the west and north and the balcony is faced to the north. The balcon of A 13 is perfect place to enloy the northern lights! This apartment hava two toilets and a large shower- and sauna space. <\/span><\/p>\n<p><span style=\"color: #808080;\">Every Castillo Kelot\u00e4hti apartment is very comfortably decorated. It is possible to also book these apartments together, then the combination works well for example for multiple families (max 16 people) who want to enjoy a vacation together but still need some privacy. This way the Castillo Kelot\u00e4hti-combination works well for a bigger group also. The apartments A 1, A2, A3 and A 4 are in the same hallway and are the only apartments in that specific hallway. <\/span><\/p>\n<p><span style=\"color: #808080;\">Castillo Kelot\u00e4hti apartments are perfect apartments for people who love to spend time on the ski tracks or on a mountain bike! The building has a very good, warmed ski waxing room and an opportunity to store your skis at the apartment\u2019s own locked depository. The Saariselk\u00e4\u2019s well taken care of ski tracks go right by Castillo Kelot\u00e4hti\u2019s garage. You can also keep and maintain your mountain bike in the garage. The official toboggan slide is only 250 meters away and the ski slopes are only 1,5 kilometers away and after a day at the ski center you can ski almost to the apartment. <\/span><\/p>\n<p><span style=\"color: #808080;\">The bus stop is right in front of the building. It is possible to rent a parking place with electricity or a warmed place at the building\u2019s garage. There is also a charging point for an electric car! And as previously mentioned all the services are near to the apartment. At Castillo Kelot\u00e4hti apartment you have everything you\u2019ll need!<\/span>[\/vc_column_text][vc_separator sep_color=&#8221;color-212744&#8243; el_height=&#8221;1 px&#8221;][vc_column_text]<\/p>\n<h5><strong><span class=\"font-377884\" style=\"color: #333333;\">Basic information<\/span><\/strong><\/h5>\n<p>[\/vc_column_text][vc_row_inner][vc_column_inner width=&#8221;1\/2&#8243;][vc_column_text uncode_shortcode_id=&#8221;997886&#8243;]<\/p>\n<h5><span style=\"color: #808080;\"><strong>Castillo Kelot\u00e4hti A 1 &amp; A4<br \/>\n<\/strong><\/span><\/h5>\n<ul>\n<li><span style=\"color: #808080;\">Number of persons: 4\u00a0<\/span><\/li>\n<li><span style=\"color: #808080;\">Area: 54 m<sup>2<\/sup><\/span><\/li>\n<\/ul>\n<p><span style=\"color: #808080;\">Beds on the rooms<\/span><\/p>\n<ul>\n<li><span style=\"color: #808080;\">Mh 1: 2 x 80 cm beds which can be together or separate<\/span><\/li>\n<li><span style=\"color: #808080;\">Mh 2: 140 cm width bed for 2 persons<\/span><\/li>\n<\/ul>\n<h5><strong><span style=\"color: #808080;\">Castillo Kelot\u00e4hti A 3 and A 13<\/span><br \/>\n<\/strong><\/h5>\n<ul>\n<li><span style=\"color: #808080;\">Number of persons: 4<\/span><\/li>\n<li><span style=\"color: #808080;\">Area: 66,5 m<sup>2<\/sup><\/span><\/li>\n<\/ul>\n<p><span style=\"color: #808080;\">Beds on the rooms<\/span><\/p>\n<ul>\n<li><span style=\"color: #808080;\">Mh 1 &amp; Mh 2 : 2 x 80 cm beds which can be together or separate<\/span><\/li>\n<\/ul>\n<div class=\"\"><span style=\"color: #333333;\">\u00a0<\/span><\/div>\n<p>[\/vc_column_text][\/vc_column_inner][vc_column_inner width=&#8221;1\/2&#8243;][vc_column_text uncode_shortcode_id=&#8221;208082&#8243;]<\/p>\n<h5><span style=\"color: #808080;\"><strong>Castillo Kelot\u00e4hti A 2<br \/>\n<\/strong><\/span><\/h5>\n<ul>\n<li><span style=\"color: #808080;\">Number of persons: 4<\/span><\/li>\n<li><span style=\"color: #808080;\">Area: 60 m<sup>2<\/sup><\/span><\/li>\n<\/ul>\n<p><span style=\"color: #808080;\">Beds on the rooms<\/span><\/p>\n<ul>\n<li><span style=\"color: #808080;\">Mh 1 &amp; Mh 2: 2 x 80 cm one persons bed which can be together or separate<\/span><\/li>\n<\/ul>\n<p>[\/vc_column_text][\/vc_column_inner][\/vc_row_inner][vc_separator sep_color=&#8221;color-212744&#8243; el_height=&#8221;1 px&#8221;][vc_column_text]<\/p>\n<h5><span class=\"font-377884\" style=\"color: #333333;\">Features<\/span><\/h5>\n<p>[\/vc_column_text][vc_row_inner][vc_column_inner width=&#8221;1\/2&#8243;][vc_column_text uncode_shortcode_id=&#8221;192432&#8243;]<\/p>\n<ul>\n<li><span style=\"color: #808080;\">Fridge<\/span><\/li>\n<li><span style=\"color: #808080;\">Freezer<\/span><\/li>\n<li><span style=\"color: #808080;\">Dishwasher<\/span><\/li>\n<li><span style=\"color: #808080;\">Oven<\/span><\/li>\n<li><span style=\"color: #808080;\">Stove<\/span><\/li>\n<li><span style=\"color: #808080;\">Microwave oven<\/span><\/li>\n<li><span style=\"color: #808080;\">Coffee maker and electric kettle<\/span><\/li>\n<li><span style=\"color: #808080;\">Mixer<\/span><\/li>\n<li><span style=\"color: #808080;\">Washing machine<\/span><\/li>\n<li><span style=\"color: #808080;\">Drying cabinet<\/span><\/li>\n<li><span style=\"color: #808080;\">Iron and ironing bourd<\/span><\/li>\n<li><span style=\"color: #808080;\">Hairdryer<\/span><\/li>\n<li><span style=\"color: #808080;\">Skifaxing room<\/span><\/li>\n<li><span style=\"color: #808080;\">Internet connection<\/span><\/li>\n<\/ul>\n<p>[\/vc_column_text][\/vc_column_inner][vc_column_inner width=&#8221;1\/2&#8243;][vc_column_text uncode_shortcode_id=&#8221;794926&#8243;]<\/p>\n<ul>\n<li><span style=\"color: #808080;\">Parking place near the accommodation<\/span><\/li>\n<li><span style=\"color: #808080;\">Parking place with electricity<\/span><\/li>\n<li><span style=\"color: #808080;\">Garage (extra charge)<\/span><\/li>\n<li><span style=\"color: #808080;\">Electric sauna<\/span><\/li>\n<li><span style=\"color: #808080;\">Shower x 1<br \/>\n<\/span><\/li>\n<li><span style=\"color: #808080;\">Hearth<\/span><\/li>\n<li><span style=\"color: #808080;\">Smart TV x 1<br \/>\n<\/span><\/li>\n<li><span style=\"color: #808080;\">Toilet x 1 (A3 x 2)<br \/>\n<\/span><\/li>\n<li><span style=\"color: #808080;\">Bed linens (extra charge)<\/span><\/li>\n<li><span style=\"color: #808080;\">Activities equipments (extra charge)<\/span><\/li>\n<li><span style=\"color: #808080;\">Activities (extra charge)<\/span><\/li>\n<\/ul>\n<p>[\/vc_column_text][\/vc_column_inner][\/vc_row_inner][vc_separator sep_color=&#8221;color-212744&#8243; el_height=&#8221;1 px&#8221;][vc_column_text]<\/p>\n<h5><span class=\"font-377884\" style=\"color: #333333;\">Leisure and sports activities<br \/>\n<\/span><\/h5>\n<p>[\/vc_column_text][vc_row_inner][vc_column_inner width=&#8221;1\/2&#8243;][vc_column_text]<\/p>\n<ul>\n<li><span style=\"color: #808080;\">Cross country skiing: 0,1 km<\/span><\/li>\n<li><span style=\"color: #808080;\">Ski resort: 0,5 km<\/span><\/li>\n<li><span style=\"color: #808080;\">Fishing: 5 km<\/span><\/li>\n<li><span style=\"color: #808080;\">Mountain biking: 0,1 km<\/span><\/li>\n<li><span style=\"color: #808080;\">Berry picking: 0,3 km<\/span><\/li>\n<li><span style=\"color: #808080;\">Hunting: 5 km<\/span><\/li>\n<\/ul>\n<p>[\/vc_column_text][\/vc_column_inner][vc_column_inner width=&#8221;1\/2&#8243;][vc_column_text]<\/p>\n<ul>\n<li><span style=\"color: #808080;\">Snowmobiling: 0,1 km<\/span><\/li>\n<li><span style=\"color: #808080;\">Horse riding: 1 km<\/span><\/li>\n<li><span style=\"color: #808080;\">Hiking: 0,1 km<\/span><\/li>\n<li><span style=\"color: #808080;\">Mushroom picking: 0,1 km<\/span><\/li>\n<li><span style=\"color: #808080;\">Swimming: 0,5 km<\/span><\/li>\n<li><span style=\"color: #808080;\">Boating: 28 km<\/span><\/li>\n<\/ul>\n<p>[\/vc_column_text][\/vc_column_inner][\/vc_row_inner][vc_separator sep_color=&#8221;color-212744&#8243; el_height=&#8221;1 px&#8221;][vc_column_text]<\/p>\n<h5><span class=\"font-377884\" style=\"color: #333333;\">Other distances<br \/>\n<\/span><\/h5>\n<p>[\/vc_column_text][vc_row_inner][vc_column_inner width=&#8221;1\/2&#8243;][vc_column_text]<\/p>\n<ul>\n<li><span style=\"color: #808080;\">Neighbor: 0,01 km<\/span><\/li>\n<li><span style=\"color: #808080;\">Parking: 0,05 km<\/span><\/li>\n<li><span style=\"color: #808080;\">Bus-stop: 0,1 km<\/span><\/li>\n<li><span style=\"color: #808080;\">Restaurang: 0,1 km<\/span><\/li>\n<li><span style=\"color: #808080;\">Urho Kekkonen National park: 0,2 km<\/span><\/li>\n<li><span style=\"color: #808080;\">Spa: 0,3 km<\/span><\/li>\n<li><span style=\"color: #808080;\">Angry Birds Park: 0,3 km<\/span><\/li>\n<li><span style=\"color: #808080;\">Shop: 0,5 km<\/span><\/li>\n<li><span style=\"color: #808080;\">Swimming place 0,5 km<\/span><\/li>\n<li><span style=\"color: #808080;\">Gas station: 1,2 km<\/span><\/li>\n<li><span style=\"color: #808080;\">Ski resort: 1,3 km<\/span><\/li>\n<li><span style=\"color: #808080;\">Airport: 28 km<\/span><\/li>\n<li><span style=\"color: #808080;\">Railway station: 260 km<\/span><\/li>\n<\/ul>\n<p>[\/vc_column_text][\/vc_column_inner][vc_column_inner width=&#8221;1\/2&#8243;][vc_column_text]<\/p>\n<ul>\n<li><span style=\"color: #808080;\">Ivalo: 28 km<\/span><\/li>\n<li><span style=\"color: #808080;\">Rovaniemi: 259 km<\/span><\/li>\n<li><span style=\"color: #808080;\">Oulu: 464 km<\/span><\/li>\n<li><span style=\"color: #808080;\">Kuopio: 748 km<\/span><\/li>\n<li><span style=\"color: #808080;\">Vaasa: 782 km<\/span><\/li>\n<li><span style=\"color: #808080;\">Tampere: 964 km<\/span><\/li>\n<li><span style=\"color: #808080;\">Helsinki: 1070 km<\/span><\/li>\n<li><span style=\"color: #808080;\">Turku: 1092 km<\/span><\/li>\n<li><span style=\"color: #808080;\">Saint Petersburg: 1199 km<\/span><\/li>\n<li><span style=\"color: #808080;\">Stockholm: 1404 km<\/span><\/li>\n<\/ul>\n<p>[\/vc_column_text][\/vc_column_inner][\/vc_row_inner][\/vc_column][vc_column width=&#8221;1\/2&#8243;][layerslider_vc id=&#8221;4&#8243;][vc_separator sep_color=&#8221;color-212744&#8243; el_height=&#8221;1 px&#8221;][vc_column_text uncode_shortcode_id=&#8221;147746&#8243;]<a href=\"https:\/\/www.nettimokki.com\/en\/inari\/7078\" target=\"_blank\" rel=\"noopener noreferrer\"><span class=\"font-377884\" style=\"color: #0288d1;\">The availability Calendar \/ make a reservation, Castillo Kelot\u00e4hti A 1&gt;&gt;<\/span><\/a><br \/>\n<a href=\"https:\/\/www.nettimokki.com\/en\/inari\/8516\" target=\"_blank\" rel=\"noopener noreferrer\"><span class=\"font-377884\" style=\"color: #0288d1;\">The availability Calendar \/ make a reservation, Castillo Kelot\u00e4hti A 2&gt;&gt;<\/span><\/a><br \/>\n<a href=\"https:\/\/www.nettimokki.com\/en\/inari\/11997\" target=\"_blank\" rel=\"noopener noreferrer\"><span class=\"font-377884\" style=\"color: #0288d1;\">The availability Calendar \/ make a reservation, Castillo Kelot\u00e4hti A 3&gt;&gt;<\/span><\/a><br \/>\n<span class=\"font-377884\" style=\"color: #0288d1;\"> <a style=\"color: #0288d1;\" href=\"https:\/\/www.nettimokki.com\/en\/inari\/6458\" target=\"_blank\" rel=\"noopener noreferrer\">The availability Calendar \/ make a reservation, Castillo Kelot\u00e4hti A 4 &gt;&gt;<\/a><\/span><br \/>\n<span class=\"font-377884\" style=\"color: #0288d1;\"> <a style=\"color: #0288d1;\" href=\"https:\/\/www.nettimokki.com\/en\/saariselka\/castillo-kelotahti-a-13\/58966\/\" target=\"_blank\" rel=\"noopener noreferrer\">The availability Calendar \/ make a reservation, Castillo Kelot\u00e4hti A 13 &gt;&gt;<\/a><\/span><br \/>\n<a href=\"https:\/\/castillo.fi\/en\/yhteydenotto\/\"><span style=\"color: #0288d1;\">Take contact &gt;&gt;<\/span><\/a>[\/vc_column_text][vc_separator sep_color=&#8221;color-212744&#8243; el_height=&#8221;1 px&#8221;][vc_column_text]<\/p>\n<h5><span class=\"font-377884\" style=\"color: #333333;\">Customers feedback<\/span><\/h5>\n<p><span style=\"color: #333333;\"><img decoding=\"async\" class=\"size-full wp-image-88202 alignleft\" src=\"https:\/\/castillo.fi\/wp-content\/uploads\/2020\/11\/ranska_h_50.png\" alt=\"\" width=\"82\" height=\"50\" \/><span style=\"color: #808080;\">&#8220;Tr\u00e8s bel appartement id\u00e9alement situ\u00e9. Les h\u00f4tes sont tr\u00e8s disponibles et des indications pr\u00e9cises sur l&#8217;appartement sont accessibles sur place. Nous y avons pass\u00e9 un excellent s\u00e9jour&#8221;<\/span><\/span><\/p>\n<p><span style=\"color: #808080;\"><em>M\u00e9lanie , 3\/2020, France<\/em><\/span><\/p>\n<p>&nbsp;<\/p>\n<p><span style=\"color: #333333;\"><img decoding=\"async\" class=\"size-full wp-image-88202 alignleft\" src=\"https:\/\/castillo.fi\/wp-content\/uploads\/2020\/11\/norway_h_50.png\" alt=\"\" width=\"82\" height=\"50\" \/><span style=\"color: #808080;\">&#8220;Vi var 2 par som hadde en flott helg i leiligheten. Den er koselig, fint innredet, der er rent og godt med utstyr. Den ligger veldig flott til i forhold til skil\u00f8ypene.&#8221;<\/span><\/span><\/p>\n<p><span style=\"color: #808080;\"><em>Reror, 3\/2019, Norway<\/em><\/span><\/p>\n<p>&nbsp;<\/p>\n<p><span style=\"color: #333333;\"><img decoding=\"async\" class=\"size-full wp-image-88202 alignleft\" src=\"https:\/\/castillo.fi\/wp-content\/uploads\/2020\/12\/russia_h_50.png\" alt=\"\" width=\"82\" height=\"50\" \/><span style=\"color: #808080;\">&#8220;Good apartments with all the necessary equipment for living there. Good kitchen room, sauna.&#8221;<\/span><\/span><\/p>\n<p><span style=\"color: #808080;\"><em>Andrey, 1\/2019, Russia<\/em><\/span><\/p>\n<p>&nbsp;<\/p>\n<p><span style=\"color: #333333;\"><img decoding=\"async\" class=\"size-full wp-image-88202 alignleft\" src=\"https:\/\/castillo.fi\/wp-content\/uploads\/2020\/10\/japan_h_50_px.png\" alt=\"\" width=\"82\" height=\"50\" \/><span style=\"color: #808080;\">&#8220;\u3068\u3066\u3082\u304a\u6d12\u843d\u304b\u3064\u6e05\u6f54\u3067\u3001\u30b5\u30a6\u30ca\u3082\u65b0\u9bae\u3067\u3057\u305f\uff01 \u30ad\u30c3\u30c1\u30f3\u7528\u54c1\u3082\u307b\u3068\u3093\u3069\u63c3\u3063\u3066\u3044\u3066\u4fbf\u5229\u3067\u3057\u305f\u3002&#8221;<\/span><\/span><\/p>\n<p><span style=\"color: #808080;\"><em>Chiaki, 1\/2019, Japan<\/em><\/span><\/p>\n<p>&nbsp;<\/p>\n<p><span style=\"color: #333333;\"><img decoding=\"async\" class=\"size-full wp-image-88581 alignleft\" src=\"https:\/\/castillo.fi\/wp-content\/uploads\/2020\/11\/india_h_50.png\" alt=\"\" width=\"82\" height=\"50\" \/><span style=\"color: #808080;\">&#8220;The owner was very gracious and quick to respond to our problems. He also let us check out late!&#8221;<\/span><\/span><\/p>\n<p><span style=\"color: #808080;\"><em>Eswar 1\/2020, India<br \/>\n<\/em><\/span>[\/vc_column_text][\/vc_column][\/vc_row][vc_row row_height_percent=&#8221;0&#8243; override_padding=&#8221;yes&#8221; h_padding=&#8221;2&#8243; top_padding=&#8221;1&#8243; bottom_padding=&#8221;1&#8243; back_color=&#8221;color-816856&#8243; overlay_alpha=&#8221;0&#8243; gutter_size=&#8221;3&#8243; column_width_percent=&#8221;100&#8243; shift_y=&#8221;0&#8243; z_index=&#8221;0&#8243;][vc_column width=&#8221;1\/1&#8243;][vc_column_text]<a href=\"https:\/\/castillo.fi\/en\/\"><span style=\"color: #0288d1;\">&lt;&lt; Back to front page<\/span><\/a>[\/vc_column_text][\/vc_column][\/vc_row]<\/p>\n<\/div>","protected":false},"excerpt":{"rendered":"<p>Castillo Kelot\u00e4hti<\/p>\n","protected":false},"author":1,"featured_media":0,"parent":0,"menu_order":0,"comment_status":"open","ping_status":"closed","template":"","meta":{"footnotes":""},"class_list":["post-89026","page","type-page","status-publish","hentry","page_category-mokki-en"],"_links":{"self":[{"href":"https:\/\/castillo.fi\/en\/wp-json\/wp\/v2\/pages\/89026","targetHints":{"allow":["GET"]}}],"collection":[{"href":"https:\/\/castillo.fi\/en\/wp-json\/wp\/v2\/pages"}],"about":[{"href":"https:\/\/castillo.fi\/en\/wp-json\/wp\/v2\/types\/page"}],"author":[{"embeddable":true,"href":"https:\/\/castillo.fi\/en\/wp-json\/wp\/v2\/users\/1"}],"replies":[{"embeddable":true,"href":"https:\/\/castillo.fi\/en\/wp-json\/wp\/v2\/comments?post=89026"}],"version-history":[{"count":41,"href":"https:\/\/castillo.fi\/en\/wp-json\/wp\/v2\/pages\/89026\/revisions"}],"predecessor-version":[{"id":91672,"href":"https:\/\/castillo.fi\/en\/wp-json\/wp\/v2\/pages\/89026\/revisions\/91672"}],"wp:attachment":[{"href":"https:\/\/castillo.fi\/en\/wp-json\/wp\/v2\/media?parent=89026"}],"curies":[{"name":"wp","href":"https:\/\/api.w.org\/{rel}","templated":true}]}}