{"id":89029,"date":"2020-12-26T21:20:12","date_gmt":"2020-12-26T19:20:12","guid":{"rendered":"https:\/\/castilloeng.testidomain.info\/castillo-kermikka\/"},"modified":"2025-09-11T18:31:25","modified_gmt":"2025-09-11T16:31:25","slug":"castillo-kermikka","status":"publish","type":"page","link":"https:\/\/castillo.fi\/en\/castillo-kermikka\/","title":{"rendered":"Castillo Kermikk\u00e4"},"content":{"rendered":"<div class=\"wpb-content-wrapper\"><p>[vc_row unlock_row_content=&#8221;yes&#8221; row_height_percent=&#8221;0&#8243; override_padding=&#8221;yes&#8221; h_padding=&#8221;2&#8243; top_padding=&#8221;2&#8243; bottom_padding=&#8221;2&#8243; back_color=&#8221;color-816856&#8243; overlay_alpha=&#8221;100&#8243; gutter_size=&#8221;100&#8243; column_width_percent=&#8221;100&#8243; shift_y=&#8221;0&#8243; z_index=&#8221;0&#8243; style=&#8221;inherited&#8221; row_name=&#8221;blog&#8221;][vc_column column_width_percent=&#8221;100&#8243; gutter_size=&#8221;3&#8243; overlay_alpha=&#8221;50&#8243; shift_x=&#8221;0&#8243; shift_y=&#8221;0&#8243; shift_y_down=&#8221;0&#8243; z_index=&#8221;0&#8243; medium_width=&#8221;0&#8243; mobile_width=&#8221;0&#8243; width=&#8221;1\/2&#8243;][vc_custom_heading]<\/p>\n<h4><span class=\"font-377884\" style=\"color: #333333;\">CASTILLO KERMIKK\u00c4 5 \u2013 classic apartments nearly at the centre of Saariselk\u00e4, 4+2 ppl per apartment \u00a0<\/span><\/h4>\n<p>[\/vc_custom_heading][vc_column_text]<span style=\"color: #808080;\">Castillo Kermikk\u00e4 5 A and B as well as Castillo Kermikk\u00e4 5 C and D are two identical semi-detached houses at the same court. The semi-detached houses are located near each other. But not too near so that the neighbor\u2019s living won\u2019t disturb your vacation. <\/span><\/p>\n<p><span style=\"color: #808080;\">The identical apartments (although the apartments of semi-detached houses are mirror images of each other) are located nearly at the centre of Saariselk\u00e4 at the beginning of the southern hillside of Kaunisp\u00e4\u00e4. The distance to all the services of Saariselk\u00e4 is short and \u201ccoming home\u201d you don\u2019t have to climb uphill. <\/span><\/p>\n<p><span style=\"color: #808080;\">Every apartment has two double bedrooms and a small loft for two people (67 + 8 squares) so in altogether the apartments are for six persons. In every Castillo Kermikk\u00e4 apartment you can find a big fireplace that creates cozy atmosphere especially during fall and winter. The kitchen and living room combination makes the apartment feel spacious. All the apartments have a terrace facing south. There are various parking lots at the court of the apartments and also utility poles available for the parking.<\/span><\/p>\n<p><span style=\"color: #808080;\"><br \/>\nIt\u2019s possible to book several Castillo Kermikk\u00e4 apartments from the same court and that way the semi-detached houses make a great accommodation option for groups up to 24 people. For even bigger group it\u2019s possible to book more apartments from neighbouring court (Castillo Hirvas) when the apartments give a great option of accommodation for a group up to 50 people. The ski tracks and the snowmobile tracks of Saariselk\u00e4 go right by the apartments. Also the ski bus and the bus to the airport go from 100 metres distance. <\/span>[\/vc_column_text][vc_separator sep_color=&#8221;color-212744&#8243; el_height=&#8221;1 px&#8221;][vc_column_text]<\/p>\n<h5><strong><span class=\"font-377884\" style=\"color: #333333;\">Basic information<\/span><\/strong><\/h5>\n<p>[\/vc_column_text][vc_row_inner][vc_column_inner width=&#8221;1\/1&#8243;][vc_column_text]<\/p>\n<ul>\n<li><span style=\"color: #808080;\">Number of persons: 4 + 2<\/span><\/li>\n<li><span style=\"color: #808080;\">area: 67 m<sup>2<\/sup><\/span><\/li>\n<\/ul>\n<p><span style=\"color: #808080;\">Beds on the rooms<\/span><\/p>\n<ul>\n<li><span style=\"color: #808080;\">Bedroom number 1: 2 x one persons bed which can be together or separate<\/span><\/li>\n<li><span style=\"color: #808080;\">Bedroom number 2: Bunk bed. Uper 70 cm and the bed under 120 cm<\/span><\/li>\n<li><span style=\"color: #808080;\">The loft: 2-3 mattress to put where ever you want<\/span><\/li>\n<\/ul>\n<p>[\/vc_column_text][\/vc_column_inner][\/vc_row_inner][vc_separator sep_color=&#8221;color-212744&#8243; el_height=&#8221;1 px&#8221;][vc_column_text]<\/p>\n<h5><span class=\"font-377884\" style=\"color: #333333;\">Features<\/span><\/h5>\n<p>[\/vc_column_text][vc_row_inner][vc_column_inner width=&#8221;1\/2&#8243;][vc_column_text uncode_shortcode_id=&#8221;337420&#8243;]<\/p>\n<ul>\n<li><span style=\"color: #808080;\">Fridge<\/span><\/li>\n<li><span style=\"color: #808080;\">Dishwasher<\/span><\/li>\n<li><span style=\"color: #808080;\">Oven<\/span><\/li>\n<li><span style=\"color: #808080;\">Stove<\/span><\/li>\n<li><span style=\"color: #808080;\">Microwave oven<\/span><\/li>\n<li><span style=\"color: #808080;\">Coffee maker and electric kettle<\/span><\/li>\n<li><span style=\"color: #808080;\">Mixer<\/span><\/li>\n<li><span style=\"color: #808080;\">Washing machine<\/span><\/li>\n<li><span style=\"color: #808080;\">Drying cabinet<\/span><\/li>\n<li><span style=\"color: #808080;\">Iron and ironing bourd<\/span><\/li>\n<li><span style=\"color: #808080;\">Hairdryer<\/span><\/li>\n<li><span style=\"color: #808080;\">Internet connection<\/span><\/li>\n<li><span style=\"color: #808080;\">Air heat pump<\/span><\/li>\n<\/ul>\n<p>[\/vc_column_text][\/vc_column_inner][vc_column_inner width=&#8221;1\/2&#8243;][vc_column_text]<\/p>\n<ul>\n<li><span style=\"color: #808080;\">Parking place near the accommodation<\/span><\/li>\n<li><span style=\"color: #808080;\">Parking place with electricity<\/span><\/li>\n<li><span style=\"color: #808080;\">Loft<\/span><\/li>\n<li><span style=\"color: #808080;\">Electric sauna<\/span><\/li>\n<li><span style=\"color: #808080;\">Shower x 1<\/span><\/li>\n<li><span style=\"color: #808080;\">Hearth<\/span><\/li>\n<li><span style=\"color: #808080;\">TV x 1<\/span><\/li>\n<li><span style=\"color: #808080;\">Toilet x 1<\/span><\/li>\n<li><span style=\"color: #808080;\">Bed linens (extra charge)<\/span><\/li>\n<li><span style=\"color: #808080;\">Pets allowed (extra charge)<\/span><\/li>\n<li><span style=\"color: #808080;\">Activities equipments (extra charge)<\/span><\/li>\n<li><span style=\"color: #808080;\">Activities (extra charge)<\/span><\/li>\n<\/ul>\n<p>[\/vc_column_text][\/vc_column_inner][\/vc_row_inner][vc_separator sep_color=&#8221;color-212744&#8243; el_height=&#8221;1 px&#8221;][vc_column_text]<\/p>\n<h5><span class=\"font-377884\" style=\"color: #333333;\">Leisure and sports activities<br \/>\n<\/span><\/h5>\n<p>[\/vc_column_text][vc_row_inner][vc_column_inner width=&#8221;1\/2&#8243;][vc_column_text]<\/p>\n<ul>\n<li><span style=\"color: #808080;\">Cross country skiing: 0,2 km<\/span><\/li>\n<li><span style=\"color: #808080;\">Ski resort: 2 km<\/span><\/li>\n<li><span style=\"color: #808080;\">Fishing: 10 km<\/span><\/li>\n<li><span style=\"color: #808080;\">Mountain biking 0,2 km<\/span><\/li>\n<li><span style=\"color: #808080;\">Berry picking: 0,2 km<\/span><\/li>\n<li><span style=\"color: #808080;\">Hunting: 5 km<\/span><\/li>\n<\/ul>\n<p>[\/vc_column_text][\/vc_column_inner][vc_column_inner width=&#8221;1\/2&#8243;][vc_column_text]<\/p>\n<ul>\n<li><span style=\"color: #808080;\">Snowmobiling: 0,2 km<\/span><\/li>\n<li><span style=\"color: #808080;\">Horse riding: 4 km<\/span><\/li>\n<li><span style=\"color: #808080;\">Hiking: 0,2 km<\/span><\/li>\n<li><span style=\"color: #808080;\">Mushroom picking: 0,2 km<\/span><\/li>\n<li><span style=\"color: #808080;\">Swimming: 0,3 km<\/span><\/li>\n<li><span style=\"color: #808080;\">Boating: 10 km<\/span><\/li>\n<\/ul>\n<p>[\/vc_column_text][\/vc_column_inner][\/vc_row_inner][vc_separator sep_color=&#8221;color-212744&#8243; el_height=&#8221;1 px&#8221;][vc_column_text]<\/p>\n<h5><span class=\"font-377884\" style=\"color: #333333;\">Other distances<br \/>\n<\/span><\/h5>\n<p>[\/vc_column_text][vc_row_inner][vc_column_inner width=&#8221;1\/2&#8243;][vc_column_text]<\/p>\n<ul>\n<li><span style=\"color: #808080;\">Parking: 0,05 km<\/span><\/li>\n<li><span style=\"color: #808080;\">Neighbor: 0,1 km<\/span><\/li>\n<li><span style=\"color: #808080;\">Bus-stop: 0,2 km<\/span><\/li>\n<li><span style=\"color: #808080;\">Angry Birds Park: 0,4 km<\/span><\/li>\n<li><span style=\"color: #808080;\">Gas station: 0,8 km<\/span><\/li>\n<li><span style=\"color: #808080;\">Shop: 1 km<\/span><\/li>\n<li><span style=\"color: #808080;\">Spa: 1 km<\/span><\/li>\n<li><span style=\"color: #808080;\">Ski resort: 1,6 km<\/span><\/li>\n<li><span style=\"color: #808080;\">Urho Kekkonen National park: 1,5 km<\/span><\/li>\n<li><span style=\"color: #808080;\">Airport: 28 km<\/span><\/li>\n<li><span style=\"color: #808080;\">Railway station: 260 km<\/span><\/li>\n<\/ul>\n<p>[\/vc_column_text][\/vc_column_inner][vc_column_inner width=&#8221;1\/2&#8243;][vc_column_text]<\/p>\n<ul>\n<li><span style=\"color: #808080;\">Ivalo: 28 km<\/span><\/li>\n<li><span style=\"color: #808080;\">Rovaniemi: 259 km<\/span><\/li>\n<li><span style=\"color: #808080;\">Oulu: 464 km<\/span><\/li>\n<li><span style=\"color: #808080;\">Kuopio: 748 km<\/span><\/li>\n<li><span style=\"color: #808080;\">Vaasa: 782 km<\/span><\/li>\n<li><span style=\"color: #808080;\">Tampere: 964 km<\/span><\/li>\n<li><span style=\"color: #808080;\">Helsinki: 1070 km<\/span><\/li>\n<li><span style=\"color: #808080;\">Turku: 1092 km<\/span><\/li>\n<li><span style=\"color: #808080;\">Saint Petersburg: 1199 km<\/span><\/li>\n<li><span style=\"color: #808080;\">Stockholm: 1404 km<\/span><\/li>\n<\/ul>\n<p>[\/vc_column_text][\/vc_column_inner][\/vc_row_inner][\/vc_column][vc_column width=&#8221;1\/2&#8243;][layerslider_vc id=&#8221;11&#8243;][vc_separator sep_color=&#8221;color-212744&#8243; el_height=&#8221;1 px&#8221;][vc_column_text uncode_shortcode_id=&#8221;139329&#8243;]<a href=\"https:\/\/www.nettimokki.com\/en\/inari\/9954\" target=\"_blank\" rel=\"noopener noreferrer\"><span class=\"font-377884\" style=\"color: #0288d1;\">The availability Calendar \/ make a reservation, Castillo Kermikk\u00e4 &gt;&gt;<\/span><\/a><br \/>\n<a href=\"https:\/\/castillo.fi\/en\/yhteydenotto\/\"><span style=\"color: #0288d1;\">Take contact &gt;&gt;<\/span><\/a>[\/vc_column_text][vc_separator sep_color=&#8221;color-212744&#8243; el_height=&#8221;1 px&#8221;][vc_column_text]<\/p>\n<h5><span class=\"font-377884\" style=\"color: #333333;\">Customers feedback<\/span><\/h5>\n<p><span style=\"color: #333333;\"><img decoding=\"async\" class=\"size-full wp-image-88597 alignleft\" src=\"https:\/\/castillo.fi\/wp-content\/uploads\/2020\/11\/union-jack_h_50.png\" alt=\"\" width=\"82\" height=\"50\" \/><span style=\"color: #808080;\">&#8220;Location, facilities, value for money.&#8221;<\/span><\/span><\/p>\n<p><span style=\"color: #808080;\"><em>Matt 11\/2021, Great Britain<\/em><\/span>[\/vc_column_text][\/vc_column][\/vc_row][vc_row row_height_percent=&#8221;0&#8243; override_padding=&#8221;yes&#8221; h_padding=&#8221;2&#8243; top_padding=&#8221;1&#8243; bottom_padding=&#8221;1&#8243; back_color=&#8221;color-816856&#8243; overlay_alpha=&#8221;0&#8243; gutter_size=&#8221;3&#8243; column_width_percent=&#8221;100&#8243; shift_y=&#8221;0&#8243; z_index=&#8221;0&#8243;][vc_column width=&#8221;1\/1&#8243;][vc_column_text]<a href=\"https:\/\/castillo.fi\/en\/\"><span style=\"color: #0288d1;\">&lt;&lt; Back to front page<\/span><\/a>[\/vc_column_text][\/vc_column][\/vc_row]<\/p>\n<\/div>","protected":false},"excerpt":{"rendered":"<p>Castillo Kermikk\u00e4<\/p>\n","protected":false},"author":1,"featured_media":0,"parent":0,"menu_order":0,"comment_status":"open","ping_status":"closed","template":"","meta":{"footnotes":""},"class_list":["post-89029","page","type-page","status-publish","hentry","page_category-mokki-en"],"_links":{"self":[{"href":"https:\/\/castillo.fi\/en\/wp-json\/wp\/v2\/pages\/89029","targetHints":{"allow":["GET"]}}],"collection":[{"href":"https:\/\/castillo.fi\/en\/wp-json\/wp\/v2\/pages"}],"about":[{"href":"https:\/\/castillo.fi\/en\/wp-json\/wp\/v2\/types\/page"}],"author":[{"embeddable":true,"href":"https:\/\/castillo.fi\/en\/wp-json\/wp\/v2\/users\/1"}],"replies":[{"embeddable":true,"href":"https:\/\/castillo.fi\/en\/wp-json\/wp\/v2\/comments?post=89029"}],"version-history":[{"count":38,"href":"https:\/\/castillo.fi\/en\/wp-json\/wp\/v2\/pages\/89029\/revisions"}],"predecessor-version":[{"id":89950,"href":"https:\/\/castillo.fi\/en\/wp-json\/wp\/v2\/pages\/89029\/revisions\/89950"}],"wp:attachment":[{"href":"https:\/\/castillo.fi\/en\/wp-json\/wp\/v2\/media?parent=89029"}],"curies":[{"name":"wp","href":"https:\/\/api.w.org\/{rel}","templated":true}]}}