{"id":89047,"date":"2020-12-26T21:25:38","date_gmt":"2020-12-26T19:25:38","guid":{"rendered":"https:\/\/castilloeng.testidomain.info\/castillo-moitakuru\/"},"modified":"2025-09-11T18:30:00","modified_gmt":"2025-09-11T16:30:00","slug":"castillo-moitakuru","status":"publish","type":"page","link":"https:\/\/castillo.fi\/en\/castillo-moitakuru\/","title":{"rendered":"Castillo Moitakuru"},"content":{"rendered":"<div class=\"wpb-content-wrapper\"><p>[vc_row unlock_row_content=&#8221;yes&#8221; row_height_percent=&#8221;0&#8243; override_padding=&#8221;yes&#8221; h_padding=&#8221;2&#8243; top_padding=&#8221;2&#8243; bottom_padding=&#8221;2&#8243; back_color=&#8221;color-816856&#8243; overlay_alpha=&#8221;100&#8243; gutter_size=&#8221;100&#8243; column_width_percent=&#8221;100&#8243; shift_y=&#8221;0&#8243; z_index=&#8221;0&#8243; style=&#8221;inherited&#8221; row_name=&#8221;blog&#8221;][vc_column column_width_percent=&#8221;100&#8243; gutter_size=&#8221;3&#8243; overlay_alpha=&#8221;50&#8243; shift_x=&#8221;0&#8243; shift_y=&#8221;0&#8243; shift_y_down=&#8221;0&#8243; z_index=&#8221;0&#8243; medium_width=&#8221;0&#8243; mobile_width=&#8221;0&#8243; width=&#8221;1\/2&#8243;][vc_custom_heading]<\/p>\n<h4><span class=\"font-377884\" style=\"color: #333333;\"><strong>CASTILLO MOITAKURU &#8211; Intensive apartments at the good position up to 6 ppl<\/strong><\/span><\/h4>\n<p>[\/vc_custom_heading][vc_column_text]<span style=\"color: #808080;\">Castillo Moitakuru C 31 and Castillo Moitakuru C 32 are apartments with tree bedrooms and for 6 people. Castillo Moitakuru C 31 and C 32 located in the best place of the center of Saariselk\u00e4. The apartment has fantastic soapstone fireplace which specially in the fall and winter creates soft atmosphere for the whole apartment. Also Castillo Moitakuru is practical for vacations of families with kids. If you book the both apartments Castillo Moitakuru C 31 and C 32, we can offer you accodommation for a group of even 12 people in the city center of Saariselk\u00e4!<\/span><\/p>\n<p><span style=\"color: #808080;\">The Saariselk\u00e4&#8217;s ski tracks go by Castillo Moitakuru. There is warmed ski Waxing room and opportunity to store your ski equipments at the apartment&#8217;s own depository (equipped with a lock). You can rent winter equipments from the 300 meters. The official toboggan slide is only 350 meters away and the snow mobile route goes 100 meters from the apartment. And you can book all your winter activities together with the apartment. Castillo Moitakuru is a good choice to spend your winter vacation at Saariselk\u00e4!<\/span>[\/vc_column_text][vc_separator sep_color=&#8221;color-212744&#8243; el_height=&#8221;1 px&#8221;][vc_column_text]<\/p>\n<h5><strong><span class=\"font-377884\" style=\"color: #333333;\">Basic information<\/span><\/strong><\/h5>\n<p>[\/vc_column_text][vc_row_inner][vc_column_inner width=&#8221;1\/2&#8243;][vc_column_text]<\/p>\n<h5><span style=\"color: #808080;\"><strong>Castillo Moitakuru C 31<\/strong><\/span><\/h5>\n<ul>\n<li><span style=\"color: #808080;\">Number of persons: 6 <\/span><\/li>\n<li><span style=\"color: #808080;\">area: 56 m<sup>2<\/sup><\/span><\/li>\n<\/ul>\n<p><span style=\"color: #808080;\">Beds on the rooms<\/span><\/p>\n<ul>\n<li><span style=\"color: #808080;\">Bedroom number 1: 2 x 1 person bed which can be together or separate<\/span><\/li>\n<li><span style=\"color: #808080;\">Bedroom number 2: 2 x 1 person bed which can be together or separate<\/span><\/li>\n<li><span style=\"color: #808080;\">Bedroom number 3: 2 x 1 person bed which can be together or separate<\/span><\/li>\n<\/ul>\n<div class=\"\"><span style=\"color: #333333;\">\u00a0<\/span><\/div>\n<p>[\/vc_column_text][\/vc_column_inner][vc_column_inner width=&#8221;1\/2&#8243;][vc_column_text]<\/p>\n<h5><span style=\"color: #808080;\"><strong>Castillo Moitakuru C 32<\/strong><\/span><\/h5>\n<ul>\n<li><span style=\"color: #808080;\">Number of persons: 6 <\/span><\/li>\n<li><span style=\"color: #808080;\">area: 56 m<sup>2<\/sup><\/span><\/li>\n<\/ul>\n<p><span style=\"color: #808080;\">Beds on the rooms<\/span><\/p>\n<ul>\n<li><span style=\"color: #808080;\">Bedroom number 1: 2 x 1 one persons bed which can be together or separate<\/span><\/li>\n<li><span style=\"color: #808080;\">Bedroom number 2: 2 x 1 one persons bed which can be together or separate<\/span><\/li>\n<li><span style=\"color: #808080;\">Bedroom number 3: 2 x 1 one persons bed which can be together or separate<\/span><\/li>\n<\/ul>\n<div class=\"\"><\/div>\n<p>[\/vc_column_text][\/vc_column_inner][\/vc_row_inner][vc_separator sep_color=&#8221;color-212744&#8243; el_height=&#8221;1 px&#8221;][vc_column_text]<\/p>\n<h5><span class=\"font-377884\" style=\"color: #333333;\">Features<\/span><\/h5>\n<p>[\/vc_column_text][vc_row_inner][vc_column_inner width=&#8221;1\/2&#8243;][vc_column_text]<\/p>\n<ul>\n<li><span style=\"color: #808080;\">Fridge<\/span><\/li>\n<li><span style=\"color: #808080;\">Shower x 1<\/span><\/li>\n<li><span style=\"color: #808080;\">Toilet x 1<\/span><\/li>\n<li><span style=\"color: #808080;\">Freezer<\/span><\/li>\n<li><span style=\"color: #808080;\">Dishwasher<\/span><\/li>\n<li><span style=\"color: #808080;\">Oven<\/span><\/li>\n<li><span style=\"color: #808080;\">Stove<\/span><\/li>\n<li><span style=\"color: #808080;\">Microwave oven<\/span><\/li>\n<li><span style=\"color: #808080;\">Coffee maker and electric kettle<\/span><\/li>\n<li><span style=\"color: #808080;\">Mixer<\/span><\/li>\n<li><span style=\"color: #808080;\">Washing machine<\/span><\/li>\n<li><span style=\"color: #808080;\">Drying cabinet<\/span><\/li>\n<li><span style=\"color: #808080;\">Iron and ironing bourd<\/span><\/li>\n<\/ul>\n<p>[\/vc_column_text][\/vc_column_inner][vc_column_inner width=&#8221;1\/2&#8243;][vc_column_text]<\/p>\n<ul>\n<li><span style=\"color: #808080;\">Skifaxing room<\/span><\/li>\n<li><span style=\"color: #808080;\">Internet connection<\/span><\/li>\n<li><span style=\"color: #808080;\">Parking place near the accommodation<\/span><\/li>\n<li><span style=\"color: #808080;\">Electric sauna<\/span><\/li>\n<li><span style=\"color: #808080;\">Hearth<\/span><\/li>\n<li><span style=\"color: #808080;\">Bed linens (extra charge)<\/span><\/li>\n<li><span style=\"color: #808080;\">Pets allowed (extra charge)<\/span><\/li>\n<li><span style=\"color: #808080;\">Activities equipments (extra charge)<\/span><\/li>\n<li><span style=\"color: #808080;\">Activities (extra charge)<\/span><\/li>\n<li><span style=\"color: #808080;\">Parking place with electricity<\/span><\/li>\n<li><span style=\"color: #808080;\">TV x 1<\/span><\/li>\n<\/ul>\n<p>[\/vc_column_text][\/vc_column_inner][\/vc_row_inner][vc_separator sep_color=&#8221;color-212744&#8243; el_height=&#8221;1 px&#8221;][vc_column_text]<\/p>\n<h5><span class=\"font-377884\" style=\"color: #333333;\">Leisure and sports activities<br \/>\n<\/span><\/h5>\n<p>[\/vc_column_text][vc_row_inner][vc_column_inner width=&#8221;1\/2&#8243;][vc_column_text]<\/p>\n<ul>\n<li><span style=\"color: #808080;\">Cross country skiing: 0,1 km<\/span><\/li>\n<li><span style=\"color: #808080;\">Ski resort: 1 km<\/span><\/li>\n<li><span style=\"color: #808080;\">Fishing: 2 km<\/span><\/li>\n<li><span style=\"color: #808080;\">Mountain biking: 0,1 km<\/span><\/li>\n<li><span style=\"color: #808080;\">Berry picking: 0,1 km<\/span><\/li>\n<li><span style=\"color: #808080;\">Hunting: 2 km<\/span><\/li>\n<\/ul>\n<p>[\/vc_column_text][\/vc_column_inner][vc_column_inner width=&#8221;1\/2&#8243;][vc_column_text]<\/p>\n<ul>\n<li><span style=\"color: #808080;\">Snowmobiling: 0,1 km<\/span><\/li>\n<li><span style=\"color: #808080;\">Horse riding: 1 km<\/span><\/li>\n<li><span style=\"color: #808080;\">Hiking: 0,1 km<\/span><\/li>\n<li><span style=\"color: #808080;\">Mushroom picking: 0,1 km<\/span><\/li>\n<li><span style=\"color: #808080;\">Swimming: 0,3 km<\/span><\/li>\n<li><span style=\"color: #808080;\">Boating: 30 km<\/span><\/li>\n<\/ul>\n<p>[\/vc_column_text][\/vc_column_inner][\/vc_row_inner][vc_separator sep_color=&#8221;color-212744&#8243; el_height=&#8221;1 px&#8221;][vc_column_text]<\/p>\n<h5><span class=\"font-377884\" style=\"color: #333333;\">Other distances<br \/>\n<\/span><\/h5>\n<p>[\/vc_column_text][vc_row_inner][vc_column_inner width=&#8221;1\/2&#8243;][vc_column_text]<\/p>\n<ul>\n<li><span style=\"color: #808080;\">Parking: 0,025 km<\/span><\/li>\n<li><span style=\"color: #808080;\">Neighbor: 0,025 km<\/span><\/li>\n<li><span style=\"color: #808080;\">Bus-stop: 0,2 km<\/span><\/li>\n<li><span style=\"color: #808080;\">Shop: 0,2 km<\/span><\/li>\n<li><span style=\"color: #808080;\">The longest tobogan slope of Finland: 0,3 km<\/span><\/li>\n<li><span style=\"color: #808080;\">Gas station: 1,0 km<\/span><\/li>\n<li><span style=\"color: #808080;\">Ski resort: 2,0 km<\/span><\/li>\n<li><span style=\"color: #808080;\">Spa: 0,3 km<\/span><\/li>\n<li><span style=\"color: #808080;\">Urho Kekkonen National park: 1,0 km<\/span><\/li>\n<li><span style=\"color: #808080;\">Airport: 28 km<\/span><\/li>\n<li><span style=\"color: #808080;\">Railway station: 260 km<\/span><\/li>\n<\/ul>\n<p>[\/vc_column_text][\/vc_column_inner][vc_column_inner width=&#8221;1\/2&#8243;][vc_column_text]<\/p>\n<ul>\n<li><span style=\"color: #808080;\">Ivalo: 28 km<\/span><\/li>\n<li><span style=\"color: #808080;\">Rovaniemi: 259 km<\/span><\/li>\n<li><span style=\"color: #808080;\">Oulu: 464 km<\/span><\/li>\n<li><span style=\"color: #808080;\">Kuopio: 748 km<\/span><\/li>\n<li><span style=\"color: #808080;\">Vaasa: 782 km<\/span><\/li>\n<li><span style=\"color: #808080;\">Tampere: 964 km<\/span><\/li>\n<li><span style=\"color: #808080;\">Helsinki: 1070 km<\/span><\/li>\n<li><span style=\"color: #808080;\">Turku: 1092 km<\/span><\/li>\n<li><span style=\"color: #808080;\">Saint Petersburg: 1199 km<\/span><\/li>\n<li><span style=\"color: #808080;\">Stockholm: 1404 km<\/span><\/li>\n<\/ul>\n<p>[\/vc_column_text][\/vc_column_inner][\/vc_row_inner][\/vc_column][vc_column width=&#8221;1\/2&#8243;][layerslider_vc id=&#8221;5&#8243;][vc_separator sep_color=&#8221;color-212744&#8243; el_height=&#8221;1 px&#8221;][vc_column_text uncode_shortcode_id=&#8221;136981&#8243;]<a href=\"https:\/\/www.nettimokki.com\/en\/inari\/7969\" target=\"_blank\" rel=\"noopener noreferrer\"><span class=\"font-377884\" style=\"color: #0288d1;\">The availability Calendar \/ make a reservation, Castillo Moitakuru C 31 &gt;&gt;<\/span><\/a><br \/>\n<span class=\"font-377884\" style=\"color: #0288d1;\"> <a style=\"color: #0288d1;\" href=\"https:\/\/www.nettimokki.com\/en\/inari\/7689\" target=\"_blank\" rel=\"noopener noreferrer\">The availability Calendar \/ make a reservation, Castillo Moitakuru C 32 &gt;&gt;<\/a><\/span><br \/>\n<a href=\"https:\/\/castillo.fi\/en\/yhteydenotto\/\"><span style=\"color: #0288d1;\">Take contact &gt;&gt;<\/span><\/a>[\/vc_column_text][vc_separator sep_color=&#8221;color-212744&#8243; el_height=&#8221;1 px&#8221;][vc_column_text]<\/p>\n<h5><span class=\"font-377884\" style=\"color: #333333;\">Customers feedback<\/span><\/h5>\n<p><span style=\"color: #333333;\"><img decoding=\"async\" class=\"size-full wp-image-88202 alignleft\" src=\"https:\/\/castillo.fi\/wp-content\/uploads\/2020\/11\/union-jack_h_50.png\" alt=\"\" width=\"82\" height=\"50\" \/><span style=\"color: #808080;\">&#8220;The property was in a perfect location. It was cosy and warm and had all the facilities we needed. The owners were very friendly and were available to answer any questions we had. A fantastic stay. Thank you!.&#8221;<\/span><\/span><\/p>\n<p><span style=\"color: #808080;\"><em>RA, 2\/2020, Great Britain<\/em><\/span><\/p>\n<p>&nbsp;<\/p>\n<p><span style=\"color: #333333;\"><img decoding=\"async\" class=\"size-full wp-image-88202 alignleft\" src=\"https:\/\/castillo.fi\/wp-content\/uploads\/2020\/11\/ranska_h_50.png\" alt=\"\" width=\"82\" height=\"50\" \/><span style=\"color: #808080;\">&#8220;L&#8217;emplacement central dans la station de Saariselka. Le calme La surface de l&#8217;appartement (tr\u00e8s bien chauff\u00e9 ) La vue sur la for\u00eat. Le sauna dans l&#8217;appartement L&#8217;abondance du mat\u00e9riel m\u00e9nager (toutefois un peu h\u00e9t\u00e9roclite et pas tout neuf mais tout fonctionnait tr\u00e8s bien.) La proximit\u00e9 d&#8217;un arr\u00eat de la navette de l&#8217;a\u00e9roport L&#8217;e-mail de Castillo donnant pr\u00e9cis\u00e9ment l&#8217;adresse, l&#8217;arr\u00eat de bus et comment r\u00e9cup\u00e9rer les cl\u00e9s.&#8221;<\/span><\/span><\/p>\n<p><span style=\"color: #808080;\"><em>G\u00e9rard, 1\/2020, France<\/em><\/span><\/p>\n<p>[\/vc_column_text][\/vc_column][\/vc_row][vc_row row_height_percent=&#8221;0&#8243; override_padding=&#8221;yes&#8221; h_padding=&#8221;2&#8243; top_padding=&#8221;1&#8243; bottom_padding=&#8221;1&#8243; back_color=&#8221;color-816856&#8243; overlay_alpha=&#8221;0&#8243; gutter_size=&#8221;3&#8243; column_width_percent=&#8221;100&#8243; shift_y=&#8221;0&#8243; z_index=&#8221;0&#8243;][vc_column width=&#8221;1\/1&#8243;][vc_column_text]<a href=\"https:\/\/castillo.fi\/en\/\"><span style=\"color: #0288d1;\">&lt;&lt; Back to front page<\/span><\/a>[\/vc_column_text][\/vc_column][\/vc_row]<\/p>\n<\/div>","protected":false},"excerpt":{"rendered":"<p>Castillo Moitakuru<\/p>\n","protected":false},"author":1,"featured_media":0,"parent":0,"menu_order":0,"comment_status":"open","ping_status":"closed","template":"","meta":{"footnotes":""},"class_list":["post-89047","page","type-page","status-publish","hentry","page_category-mokki-en"],"_links":{"self":[{"href":"https:\/\/castillo.fi\/en\/wp-json\/wp\/v2\/pages\/89047","targetHints":{"allow":["GET"]}}],"collection":[{"href":"https:\/\/castillo.fi\/en\/wp-json\/wp\/v2\/pages"}],"about":[{"href":"https:\/\/castillo.fi\/en\/wp-json\/wp\/v2\/types\/page"}],"author":[{"embeddable":true,"href":"https:\/\/castillo.fi\/en\/wp-json\/wp\/v2\/users\/1"}],"replies":[{"embeddable":true,"href":"https:\/\/castillo.fi\/en\/wp-json\/wp\/v2\/comments?post=89047"}],"version-history":[{"count":31,"href":"https:\/\/castillo.fi\/en\/wp-json\/wp\/v2\/pages\/89047\/revisions"}],"predecessor-version":[{"id":90242,"href":"https:\/\/castillo.fi\/en\/wp-json\/wp\/v2\/pages\/89047\/revisions\/90242"}],"wp:attachment":[{"href":"https:\/\/castillo.fi\/en\/wp-json\/wp\/v2\/media?parent=89047"}],"curies":[{"name":"wp","href":"https:\/\/api.w.org\/{rel}","templated":true}]}}