{"id":89050,"date":"2020-12-26T21:27:24","date_gmt":"2020-12-26T19:27:24","guid":{"rendered":"https:\/\/castilloeng.testidomain.info\/castillo-vuorsa\/"},"modified":"2026-03-02T09:16:09","modified_gmt":"2026-03-02T07:16:09","slug":"castillo-vuorsa","status":"publish","type":"page","link":"https:\/\/castillo.fi\/en\/castillo-vuorsa\/","title":{"rendered":"Castillo Vuorsa"},"content":{"rendered":"<div class=\"wpb-content-wrapper\"><p>[vc_row unlock_row_content=&#8221;yes&#8221; row_height_percent=&#8221;0&#8243; override_padding=&#8221;yes&#8221; h_padding=&#8221;2&#8243; top_padding=&#8221;2&#8243; bottom_padding=&#8221;2&#8243; back_color=&#8221;color-816856&#8243; overlay_alpha=&#8221;100&#8243; gutter_size=&#8221;100&#8243; column_width_percent=&#8221;100&#8243; shift_y=&#8221;0&#8243; z_index=&#8221;0&#8243; style=&#8221;inherited&#8221; row_name=&#8221;blog&#8221;][vc_column column_width_percent=&#8221;100&#8243; gutter_size=&#8221;3&#8243; overlay_alpha=&#8221;50&#8243; shift_x=&#8221;0&#8243; shift_y=&#8221;0&#8243; shift_y_down=&#8221;0&#8243; z_index=&#8221;0&#8243; medium_width=&#8221;0&#8243; mobile_width=&#8221;0&#8243; width=&#8221;1\/2&#8243;][vc_custom_heading]<\/p>\n<h4><span class=\"font-377884\" style=\"color: #333333;\"><strong>CASTILLO VUORSA \u00a03 &#8211; cozy semi-detached houses next to the forest, from 4+2 to 8+4 ppl per apartment <\/strong><\/span><\/h4>\n<p>[\/vc_custom_heading][vc_column_text]<span style=\"color: #808080;\">Castillo Vuorsa is an ensemble of three apartments located at southern hillside of Kaunisp\u00e4\u00e4, a kilometre away from the centre of Saariselk\u00e4. The houses are located near each other. But not too near so that the neighbor\u2019s living won\u2019t disturb your vacation. <\/span><\/p>\n<p><span style=\"color: #808080;\">Castillo Vuorsa 3 A and Castillo Vuorsa 3 B are for 4+2 people and have 67+8 squares (loft) and they are two identical apartments. Castillo Vuorsa 3 C is for 8+4 people and has 117 squares (+loft). It\u2019s spacious apartment located in it\u2019s own building at the same court as the semi-detached house of Vuorsa A and B. It\u2019s possible to book the apartments separately or also the three or two together. In that case you can move between the apartments via outside and the semi-detached house of Castillo Vuorsa A and B becomes a functional accommodation for a group up to 12 people! By booking all three apartments you get a very functional option of accommodation for a group up to 24 people! And if you decide to rent only one of the apartments the neighbours living won\u2019t disturb your vacation. <\/span><\/p>\n<p><span style=\"color: #808080;\">All of the apartments have their own fireplace in the living room, well equipped kitchen and recently renovated elegant saunas. Every apartment also has a terrace facing south. Castillo Vuorsa 3 is located at the side of the residential area giving its guests a straight access and sight to the marvellous nature of Lapland. The ski tracks and the snowmobile tracks of Saariselk\u00e4 go right by the apartments. There are various parking lots at the court of the apartments and also utility poles available for the parking. <\/span>[\/vc_column_text][vc_separator sep_color=&#8221;color-212744&#8243; el_height=&#8221;1 px&#8221;][vc_column_text]<\/p>\n<h5><strong><span class=\"font-377884\" style=\"color: #333333;\">Basic information<\/span><\/strong><\/h5>\n<p>[\/vc_column_text][vc_row_inner][vc_column_inner width=&#8221;1\/2&#8243;][vc_column_text]<\/p>\n<h5><span style=\"color: #808080;\"><strong>Castillo Vuorsa 3 A &amp; B<br \/>\n<\/strong><\/span><\/h5>\n<ul>\n<li><span style=\"color: #808080;\">Number of persons: 4 + 2\u00a0<\/span><\/li>\n<li><span style=\"color: #808080;\">area: 67 m<sup>2<\/sup><\/span><\/li>\n<\/ul>\n<p><span style=\"color: #808080;\">Beds on the rooms<\/span><\/p>\n<ul>\n<li><span style=\"color: #808080;\">Bedroom number 1: 2 one persons beds which can be together or separate<\/span><\/li>\n<li><span style=\"color: #808080;\">Bedroom number 2: Bunk bed. Upper 70 cm and the bed under 120 cm<\/span><\/li>\n<li><span style=\"color: #808080;\">The loft: 2-3 mattress to put where ever you want<\/span><\/li>\n<\/ul>\n<p>[\/vc_column_text][\/vc_column_inner][vc_column_inner width=&#8221;1\/2&#8243;][vc_column_text]<\/p>\n<h5><span style=\"color: #808080;\"><strong>Castillo Vuorsa C<\/strong><\/span><\/h5>\n<ul>\n<li><span style=\"color: #808080;\">Number of persons: 8 + 4<\/span><\/li>\n<li><span style=\"color: #808080;\">area: 127 m<sup>2<\/sup><\/span><\/li>\n<\/ul>\n<p><span style=\"color: #808080;\">Beds on the rooms<\/span><\/p>\n<div class=\"\">\n<ul>\n<li><span style=\"color: #808080;\">Bedroom number 1: 2 x one persons bed which can be together or separate<\/span><\/li>\n<li><span style=\"color: #808080;\">Bedroom number 2: 2 x one persons bed which can be together or separate<\/span><\/li>\n<li><span style=\"color: #808080;\">Bedroom number 3: Bunk bed. Upper 70 cm and the bed under 120 cm<\/span><\/li>\n<li><span style=\"color: #808080;\">Bedroom number 4: Bunk bed. Upper 70 cm and the bed under 120 cm<\/span><\/li>\n<li><span style=\"color: #808080;\">The loft: 2 x 80 cm beds + 2 mattress to put where ever you want<\/span><\/li>\n<\/ul>\n<\/div>\n<p>[\/vc_column_text][\/vc_column_inner][\/vc_row_inner][vc_separator sep_color=&#8221;color-212744&#8243; el_height=&#8221;1 px&#8221;][vc_column_text]<\/p>\n<h5><span class=\"font-377884\" style=\"color: #333333;\">Features<\/span><\/h5>\n<p>[\/vc_column_text][vc_row_inner][vc_column_inner width=&#8221;1\/2&#8243;][vc_column_text uncode_shortcode_id=&#8221;253564&#8243;]<\/p>\n<ul>\n<li><span style=\"color: #808080;\">Fridge ( Vuorsa 3 C x 2 )<br \/>\n<\/span><\/li>\n<li><span style=\"color: #808080;\">Freezer<\/span><\/li>\n<li><span style=\"color: #808080;\">Dishwasher<br \/>\n<\/span><\/li>\n<li><span style=\"color: #808080;\">Oven<\/span><\/li>\n<li><span style=\"color: #808080;\">Stove<\/span><\/li>\n<li><span style=\"color: #808080;\">Microwave oven<\/span><\/li>\n<li><span style=\"color: #808080;\">Coffee maker and electric kettle<\/span><\/li>\n<li><span style=\"color: #808080;\">Mixer<\/span><\/li>\n<li><span style=\"color: #808080;\">Washing machine<\/span><\/li>\n<li><span style=\"color: #808080;\">Drying cabinet<\/span><\/li>\n<li><span style=\"color: #808080;\">Iron and ironing bourd<\/span><\/li>\n<li><span style=\"color: #808080;\">Hairdryer<\/span><\/li>\n<li><span style=\"color: #808080;\">Internet connection<\/span><\/li>\n<li><span style=\"color: #808080;\">Air heat pump<\/span><\/li>\n<\/ul>\n<p>[\/vc_column_text][\/vc_column_inner][vc_column_inner width=&#8221;1\/2&#8243;][vc_column_text]<\/p>\n<ul>\n<li><span style=\"color: #808080;\">Parking place near the accommodation<\/span><\/li>\n<li><span style=\"color: #808080;\">Parking place with electricity<\/span><\/li>\n<li><span style=\"color: #808080;\">Loft<\/span><\/li>\n<li><span style=\"color: #808080;\">Electric sauna<\/span><\/li>\n<li><span style=\"color: #808080;\">Shower x 1 (Vuorsa 3 C x 2)<br \/>\n<\/span><\/li>\n<li><span style=\"color: #808080;\">Hearth<\/span><\/li>\n<li><span style=\"color: #808080;\">TV x 1<br \/>\n<\/span><\/li>\n<li><span style=\"color: #808080;\">Toilet x 1 (Vuorsa 3 C x 2)<br \/>\n<\/span><\/li>\n<li><span style=\"color: #808080;\">Bed linens (extra charge)<\/span><\/li>\n<li><span style=\"color: #808080;\">Pets allowed (extra charge)<\/span><\/li>\n<li><span style=\"color: #808080;\">Activities equipments (extra charge)<\/span><\/li>\n<li><span style=\"color: #808080;\">Activities (extra charge)<\/span><\/li>\n<\/ul>\n<p>[\/vc_column_text][\/vc_column_inner][\/vc_row_inner][vc_separator sep_color=&#8221;color-212744&#8243; el_height=&#8221;1 px&#8221;][vc_column_text]<\/p>\n<h5><span class=\"font-377884\" style=\"color: #333333;\">Leisure and sports activities<br \/>\n<\/span><\/h5>\n<p>[\/vc_column_text][vc_row_inner][vc_column_inner width=&#8221;1\/2&#8243;][vc_column_text]<\/p>\n<ul>\n<li><span style=\"color: #808080;\">Cross country skiing: 0,1 km<\/span><\/li>\n<li><span style=\"color: #808080;\">Ski resort: 1,8 km<\/span><\/li>\n<li><span style=\"color: #808080;\">Mountain biking: 0,1 km<\/span><\/li>\n<li><span style=\"color: #808080;\">Berry picking: 0,1 km<\/span><\/li>\n<li><span style=\"color: #808080;\">Hunting: 5 km<\/span><\/li>\n<\/ul>\n<p>[\/vc_column_text][\/vc_column_inner][vc_column_inner width=&#8221;1\/2&#8243;][vc_column_text]<\/p>\n<ul>\n<li><span style=\"color: #808080;\">Snowmobiling: 0,1 km<\/span><\/li>\n<li><span style=\"color: #808080;\">Hiking: 0,05 km<\/span><\/li>\n<li><span style=\"color: #808080;\">Mushroom picking: 0,1 km<\/span><\/li>\n<li><span style=\"color: #808080;\">Swimming: 0,8 km<\/span><span style=\"color: #808080;\"><br \/>\n<\/span><\/li>\n<li><span style=\"color: #808080;\">Fishing: 2 km<\/span><span style=\"color: #808080;\"><br \/>\n<\/span><\/li>\n<\/ul>\n<p>[\/vc_column_text][\/vc_column_inner][\/vc_row_inner][vc_separator sep_color=&#8221;color-212744&#8243; el_height=&#8221;1 px&#8221;][vc_column_text]<\/p>\n<h5><span class=\"font-377884\" style=\"color: #333333;\">Other distances<br \/>\n<\/span><\/h5>\n<p>[\/vc_column_text][vc_row_inner][vc_column_inner width=&#8221;1\/2&#8243;][vc_column_text]<\/p>\n<ul>\n<li><span style=\"color: #808080;\">Parking: 0,005 km<\/span><\/li>\n<li><span style=\"color: #808080;\">Neighbor: 0,05 km<\/span><\/li>\n<li><span style=\"color: #808080;\">Bus-stop: 0,1 km<\/span><\/li>\n<li><span style=\"color: #808080;\">Shop: 0,8 km<\/span><\/li>\n<li><span style=\"color: #808080;\">Gas station: 1,0 km<\/span><\/li>\n<li><span style=\"color: #808080;\">Spa: 1,2 km<\/span><\/li>\n<li><span style=\"color: #808080;\">Urho Kekkonen National park: 1,6 km<\/span><\/li>\n<li><span style=\"color: #808080;\">Ski resort: 2,0 km<\/span><\/li>\n<li><span style=\"color: #808080;\">Airport: 28 km<\/span><\/li>\n<li><span style=\"color: #808080;\">Railway station: 260 km<\/span><\/li>\n<\/ul>\n<p>[\/vc_column_text][\/vc_column_inner][vc_column_inner width=&#8221;1\/2&#8243;][vc_column_text]<\/p>\n<ul>\n<li><span style=\"color: #808080;\">Ivalo: 28 km<\/span><\/li>\n<li><span style=\"color: #808080;\">Rovaniemi: 259 km<\/span><\/li>\n<li><span style=\"color: #808080;\">Oulu: 464 km<\/span><\/li>\n<li><span style=\"color: #808080;\">Kuopio: 748 km<\/span><\/li>\n<li><span style=\"color: #808080;\">Vaasa: 782 km<\/span><\/li>\n<li><span style=\"color: #808080;\">Tampere: 964 km<\/span><\/li>\n<li><span style=\"color: #808080;\">Helsinki: 1070 km<\/span><\/li>\n<li><span style=\"color: #808080;\">Turku: 1092 km<\/span><\/li>\n<li><span style=\"color: #808080;\">Saint Petersburg: 1199 km<\/span><\/li>\n<li><span style=\"color: #808080;\">Stockholm: 1404 km<\/span><\/li>\n<\/ul>\n<p>[\/vc_column_text][\/vc_column_inner][\/vc_row_inner][\/vc_column][vc_column width=&#8221;1\/2&#8243;][layerslider_vc id=&#8221;7&#8243;][vc_separator sep_color=&#8221;color-212744&#8243; el_height=&#8221;1 px&#8221;][vc_column_text uncode_shortcode_id=&#8221;205659&#8243;]<a href=\"https:\/\/www.nettimokki.com\/en\/saariselka\/castillo-vuorsa-3-a\/51544\/\" target=\"_blank\" rel=\"noopener noreferrer\"><span class=\"font-377884\" style=\"color: #0288d1;\">The availability Calendar \/ make a reservation, Castillo Vuorsa A &gt;&gt;<\/span><\/a><br \/>\n<a href=\"https:\/\/www.nettimokki.com\/en\/saariselka\/castillo-vuorsa-3-b\/51973\/\" target=\"_blank\" rel=\"noopener noreferrer\"><span class=\"font-377884\" style=\"color: #0288d1;\">The availability Calendar \/ make a reservation, Castillo Vuorsa B &gt;&gt;<\/span><\/a><br \/>\n<a href=\"https:\/\/www.nettimokki.com\/en\/inari\/9949\" target=\"_blank\" rel=\"noopener noreferrer\"><span class=\"font-377884\" style=\"color: #0288d1;\"> The availability Calendar \/ make a reservation, Castillo Vuorsa C &gt;&gt;<\/span><\/a><br \/>\n<a href=\"https:\/\/castillo.fi\/en\/yhteydenotto\/\"><span style=\"color: #0288d1;\">Take contact &gt;&gt;<\/span><\/a>[\/vc_column_text][vc_separator sep_color=&#8221;color-212744&#8243; el_height=&#8221;1 px&#8221;][vc_column_text]<\/p>\n<h5><span class=\"font-377884\" style=\"color: #333333;\">Customers feedback<\/span><\/h5>\n<p><span style=\"color: #333333;\"><img decoding=\"async\" class=\"size-full wp-image-88597 alignleft\" src=\"https:\/\/castillo.fi\/wp-content\/uploads\/2020\/11\/union-jack_h_50.png\" alt=\"\" width=\"82\" height=\"50\" \/><span style=\"color: #808080;\">&#8220;Perfect place to stay for families or more families together. Wonderfull weather. Lots of new snow. Very well equipped kitchen. We would love to come back.&#8221;<\/span><\/span><\/p>\n<p><span style=\"color: #808080;\"><em>Rose, 2\/2020, Great Britain<\/em><\/span><\/p>\n<p><span style=\"color: #333333;\"><img decoding=\"async\" class=\"size-full wp-image-88597 alignleft\" src=\"https:\/\/castillo.fi\/wp-content\/uploads\/2020\/11\/union-jack_h_50.png\" alt=\"\" width=\"82\" height=\"50\" \/><span style=\"color: #808080;\">&#8220;Exactly what we expected. Nice and comfy with a big kitchen\/living-room and an awesome sauna. &#8220;<\/span><\/span><\/p>\n<p><span style=\"color: #808080;\"><em>Mark, 1\/2020, Great Britain<\/em><\/span><\/p>\n<p><span style=\"color: #333333;\"><img decoding=\"async\" class=\"size-full wp-image-88597 alignleft\" src=\"https:\/\/castillo.fi\/wp-content\/uploads\/2020\/12\/suomi_h_50.png\" alt=\"\" width=\"82\" height=\"50\" \/><span style=\"color: #808080;\">&#8220;Great location and clean. The sauna is excellent. Evyrything works there is plenty of fire wood. Two fridges and a freezer. The cabin\/house has been around for some time and would benefit on small renovations. Good value for money.&#8221;<\/span><\/span><\/p>\n<p><span style=\"color: #808080;\"><em>Pekka 10\/2021, Finland<br \/>\n<\/em><\/span>[\/vc_column_text][\/vc_column][\/vc_row][vc_row row_height_percent=&#8221;0&#8243; override_padding=&#8221;yes&#8221; h_padding=&#8221;2&#8243; top_padding=&#8221;1&#8243; bottom_padding=&#8221;1&#8243; back_color=&#8221;color-816856&#8243; overlay_alpha=&#8221;0&#8243; gutter_size=&#8221;3&#8243; column_width_percent=&#8221;100&#8243; shift_y=&#8221;0&#8243; z_index=&#8221;0&#8243;][vc_column width=&#8221;1\/1&#8243;][vc_column_text]<a href=\"https:\/\/castillo.fi\/en\/\"><span style=\"color: #0288d1;\">&lt;&lt; Back to front page<\/span><\/a>[\/vc_column_text][\/vc_column][\/vc_row]<\/p>\n<\/div>","protected":false},"excerpt":{"rendered":"<p>Castillo Vuorsa<\/p>\n","protected":false},"author":1,"featured_media":0,"parent":0,"menu_order":0,"comment_status":"open","ping_status":"closed","template":"","meta":{"footnotes":""},"class_list":["post-89050","page","type-page","status-publish","hentry","page_category-mokki-en"],"_links":{"self":[{"href":"https:\/\/castillo.fi\/en\/wp-json\/wp\/v2\/pages\/89050","targetHints":{"allow":["GET"]}}],"collection":[{"href":"https:\/\/castillo.fi\/en\/wp-json\/wp\/v2\/pages"}],"about":[{"href":"https:\/\/castillo.fi\/en\/wp-json\/wp\/v2\/types\/page"}],"author":[{"embeddable":true,"href":"https:\/\/castillo.fi\/en\/wp-json\/wp\/v2\/users\/1"}],"replies":[{"embeddable":true,"href":"https:\/\/castillo.fi\/en\/wp-json\/wp\/v2\/comments?post=89050"}],"version-history":[{"count":34,"href":"https:\/\/castillo.fi\/en\/wp-json\/wp\/v2\/pages\/89050\/revisions"}],"predecessor-version":[{"id":91671,"href":"https:\/\/castillo.fi\/en\/wp-json\/wp\/v2\/pages\/89050\/revisions\/91671"}],"wp:attachment":[{"href":"https:\/\/castillo.fi\/en\/wp-json\/wp\/v2\/media?parent=89050"}],"curies":[{"name":"wp","href":"https:\/\/api.w.org\/{rel}","templated":true}]}}