{"id":89053,"date":"2020-12-26T21:28:19","date_gmt":"2020-12-26T19:28:19","guid":{"rendered":"https:\/\/castilloeng.testidomain.info\/hobby-equipment\/"},"modified":"2026-04-16T14:26:56","modified_gmt":"2026-04-16T12:26:56","slug":"hobby-equipment","status":"publish","type":"page","link":"https:\/\/castillo.fi\/en\/hobby-equipment\/","title":{"rendered":"Equipment rental"},"content":{"rendered":"<div class=\"wpb-content-wrapper\"><p>[vc_row unlock_row_content=&#8221;yes&#8221; row_height_percent=&#8221;0&#8243; override_padding=&#8221;yes&#8221; h_padding=&#8221;2&#8243; top_padding=&#8221;2&#8243; bottom_padding=&#8221;2&#8243; back_color=&#8221;color-816856&#8243; overlay_alpha=&#8221;100&#8243; gutter_size=&#8221;100&#8243; column_width_percent=&#8221;100&#8243; shift_y=&#8221;0&#8243; z_index=&#8221;0&#8243; style=&#8221;inherited&#8221; row_name=&#8221;blog&#8221;][vc_column column_width_percent=&#8221;100&#8243; gutter_size=&#8221;3&#8243; overlay_alpha=&#8221;50&#8243; shift_x=&#8221;0&#8243; shift_y=&#8221;0&#8243; shift_y_down=&#8221;0&#8243; z_index=&#8221;0&#8243; medium_width=&#8221;0&#8243; mobile_width=&#8221;0&#8243; width=&#8221;1\/2&#8243;][vc_custom_heading]<\/p>\n<h4><span style=\"color: #333333;\">Equipment rental<\/span><\/h4>\n<p>[\/vc_custom_heading][vc_column_text]<span style=\"color: #808080;\">There are many things to do during every season at Saariselk\u00e4. During summer and fall you can enjoy the frisbee golf track that goes around the hillsides of Kaunisp\u00e4\u00e4 and many well-marked trails for walking and biking. During winter you can also find numerous ski tracks all around. During winter Saariselk\u00e4 can also offer you the longest toboggan slope in Finland! Not to forget the many ski slopes and excellent views year-around!<\/span><\/p>\n<p><span style=\"color: #808080;\">For some of the activity possibilities at Saariselk\u00e4 you may need some special equipment, but don\u2019t worry! We got you covered! When you make an accommodation reservation with us you can also rent different kinds of equipment via us! It is possible to rent for example different kinds of mountain bikes (electric bikes and normal ones), hiking equipment, fishing equipment, cross-country skis, snowshoes, skates, canoes, kayaks, snowmobiles etc. via us. So you don\u2019t need to own every equipment already to have a perfect holiday at Saariselk\u00e4!<\/span><\/p>\n<p><span style=\"color: #808080;\">We recommend to book many of the equipment beforehand (for example the electric bikes and fat bikes) because of their popularity. But some of the equipment is possible (with good luck of course) to book in a short notice if you don\u2019t get the \u201cinspiration\u201d before arriving.<\/span><\/p>\n<p><span style=\"color: #808080;\">We will gladly inform you more about the equipment rental options while making your reservation with us!<\/span>[\/vc_column_text][\/vc_column][vc_column width=&#8221;1\/2&#8243;][layerslider_vc id=&#8221;13&#8243;][vc_separator sep_color=&#8221;color-212744&#8243; el_height=&#8221;1 px&#8221;][vc_column_text uncode_shortcode_id=&#8221;810665&#8243;]<a href=\"https:\/\/castillo.fi\/en\/yhteydenotto\/\"><span style=\"color: #0288d1;\">Take contact &gt;&gt;<\/span><\/a><\/p>\n<p><a href=\"https:\/\/www.laplandsafaris.com\/en\/rental-equipment\/rent-your-gear-saariselka\" target=\"_blank\" rel=\"noopener\"><span style=\"color: #0288d1;\">Book your outdoor gear and winter clothes here &gt;&gt;<\/span><\/a> <span style=\"color: #808080;\">Use code &#8220;Castillo&#8221; for a discount.<\/span>[\/vc_column_text][vc_separator sep_color=&#8221;color-212744&#8243; el_height=&#8221;1 px&#8221;][\/vc_column][\/vc_row]<\/p>\n<\/div>","protected":false},"excerpt":{"rendered":"<p>Equipment rental<\/p>\n","protected":false},"author":1,"featured_media":0,"parent":0,"menu_order":0,"comment_status":"open","ping_status":"closed","template":"","meta":{"footnotes":""},"class_list":["post-89053","page","type-page","status-publish","hentry","page_category-mokki-en"],"_links":{"self":[{"href":"https:\/\/castillo.fi\/en\/wp-json\/wp\/v2\/pages\/89053","targetHints":{"allow":["GET"]}}],"collection":[{"href":"https:\/\/castillo.fi\/en\/wp-json\/wp\/v2\/pages"}],"about":[{"href":"https:\/\/castillo.fi\/en\/wp-json\/wp\/v2\/types\/page"}],"author":[{"embeddable":true,"href":"https:\/\/castillo.fi\/en\/wp-json\/wp\/v2\/users\/1"}],"replies":[{"embeddable":true,"href":"https:\/\/castillo.fi\/en\/wp-json\/wp\/v2\/comments?post=89053"}],"version-history":[{"count":7,"href":"https:\/\/castillo.fi\/en\/wp-json\/wp\/v2\/pages\/89053\/revisions"}],"predecessor-version":[{"id":91184,"href":"https:\/\/castillo.fi\/en\/wp-json\/wp\/v2\/pages\/89053\/revisions\/91184"}],"wp:attachment":[{"href":"https:\/\/castillo.fi\/en\/wp-json\/wp\/v2\/media?parent=89053"}],"curies":[{"name":"wp","href":"https:\/\/api.w.org\/{rel}","templated":true}]}}