{"id":89064,"date":"2020-12-27T16:26:23","date_gmt":"2020-12-27T14:26:23","guid":{"rendered":"https:\/\/castilloeng.testidomain.info\/winter-activities\/"},"modified":"2021-04-26T16:58:59","modified_gmt":"2021-04-26T14:58:59","slug":"winter-activities","status":"publish","type":"page","link":"https:\/\/castillo.fi\/en\/winter-activities\/","title":{"rendered":"Winter activities with snow"},"content":{"rendered":"<div class=\"wpb-content-wrapper\"><p>[vc_row unlock_row_content=&#8221;yes&#8221; row_height_percent=&#8221;0&#8243; override_padding=&#8221;yes&#8221; h_padding=&#8221;2&#8243; top_padding=&#8221;2&#8243; bottom_padding=&#8221;2&#8243; back_color=&#8221;color-816856&#8243; overlay_alpha=&#8221;100&#8243; gutter_size=&#8221;100&#8243; column_width_percent=&#8221;100&#8243; shift_y=&#8221;0&#8243; z_index=&#8221;0&#8243; style=&#8221;inherited&#8221; row_name=&#8221;blog&#8221;][vc_column column_width_percent=&#8221;100&#8243; gutter_size=&#8221;3&#8243; overlay_alpha=&#8221;50&#8243; shift_x=&#8221;0&#8243; shift_y=&#8221;0&#8243; shift_y_down=&#8221;0&#8243; z_index=&#8221;0&#8243; medium_width=&#8221;0&#8243; mobile_width=&#8221;0&#8243; width=&#8221;1\/2&#8243;][vc_custom_heading]<\/p>\n<h4><span style=\"color: #333333;\">Winter activities with snow<\/span><\/h4>\n<p>[\/vc_custom_heading][vc_column_text]<span style=\"color: #808080;\">Have you ever tried driving a snow mobile at the wilderness admiring the fells and the amazing views of Lapland\u2019s nature? If your answer was a \u201cno\u201d then we absolutely recommend it! There is nothing like it except maybe Husky rides\u2026<\/span><\/p>\n<p><span style=\"color: #808080;\">It is possible to book different kinds of snow mobile safaris via us! There are various different possibilities from two-hour short rides to a daylong adventure. Food is included in the longer safaris and according to your wishes it is possible to add other activities to it (smoke sauna etc.)<\/span><\/p>\n<p><span style=\"color: #808080;\">Oh those cute huskies! Wouldn\u2019t it be nice to sit in a sledge being pulled by huskies? Or just go visit those cute animals at the husky farm itself? Well, both of those can be arranged via us! You can add different kinds of husky safaris or a visit to the husky farm when booking your reservation with us.<\/span><\/p>\n<p><span style=\"color: #808080;\">Reindeer farm visits and safaris are also a good way to get to know the Finnish Lapland and its animals! Who wouldn\u2019t want to meet the Rudolph and the rest of his friends? This activity is also possible to be combined with some snow mobile safaris. <\/span><\/p>\n<p><span style=\"color: #808080;\">We also offer various options of Northern lights adventures! We can go admire the northern lights by car, minibus, snow mobile or even by foot. From some of our apartments it is even possible to see some northern lights through the window or by going to the balcony! But the northern lights are always their most magnificent self at dark and then it\u2019s also easier to take some photos. <\/span><\/p>\n<p><span style=\"color: #808080;\">Saariselk\u00e4 has the Northernmost ski center! And you can find more information about its offerings from www.skisaariselk\u00e4.com. There is also a good ice rink close to the center of Saariselk\u00e4, so if you enjoy skating you might want to try that out too! You can find toboggans from most of our apartments and go try the longest toboggan slope in Finland!<br \/>\nAnd if those activities aren\u2019t enough, you can also book snowshoes, skis etc. for nicer adventures at the wilderness during winter! And worry not there are lots of places to enjoy the snow at Saariselk\u00e4, even at your own yard! Maybe you could even build a snowman? Well it\u2019s up to you!<\/span><\/p>\n<p><span style=\"color: #808080;\">You can find more information about all of the winter activities from our Facebook cite and we will gladly tell you more about them via email! Just let us know about your wishes and we\u2019ll try to make it happen!<\/span>[\/vc_column_text][\/vc_column][vc_column width=&#8221;1\/2&#8243;][layerslider_vc id=&#8221;14&#8243;][vc_separator sep_color=&#8221;color-212744&#8243; el_height=&#8221;1 px&#8221;][vc_column_text]<a href=\"https:\/\/castillo.fi\/en\/yhteydenotto\/\"><span style=\"color: #0288d1;\">Take contact  &gt;&gt;<\/span><\/a>[\/vc_column_text][vc_separator sep_color=&#8221;color-212744&#8243; el_height=&#8221;1 px&#8221;][\/vc_column][\/vc_row]<\/p>\n<\/div>","protected":false},"excerpt":{"rendered":"<p>Winter activities with snow<\/p>\n","protected":false},"author":1,"featured_media":0,"parent":0,"menu_order":0,"comment_status":"open","ping_status":"closed","template":"","meta":{"footnotes":""},"class_list":["post-89064","page","type-page","status-publish","hentry","page_category-mokki-en"],"_links":{"self":[{"href":"https:\/\/castillo.fi\/en\/wp-json\/wp\/v2\/pages\/89064","targetHints":{"allow":["GET"]}}],"collection":[{"href":"https:\/\/castillo.fi\/en\/wp-json\/wp\/v2\/pages"}],"about":[{"href":"https:\/\/castillo.fi\/en\/wp-json\/wp\/v2\/types\/page"}],"author":[{"embeddable":true,"href":"https:\/\/castillo.fi\/en\/wp-json\/wp\/v2\/users\/1"}],"replies":[{"embeddable":true,"href":"https:\/\/castillo.fi\/en\/wp-json\/wp\/v2\/comments?post=89064"}],"version-history":[{"count":5,"href":"https:\/\/castillo.fi\/en\/wp-json\/wp\/v2\/pages\/89064\/revisions"}],"predecessor-version":[{"id":89408,"href":"https:\/\/castillo.fi\/en\/wp-json\/wp\/v2\/pages\/89064\/revisions\/89408"}],"wp:attachment":[{"href":"https:\/\/castillo.fi\/en\/wp-json\/wp\/v2\/media?parent=89064"}],"curies":[{"name":"wp","href":"https:\/\/api.w.org\/{rel}","templated":true}]}}