{"id":89067,"date":"2020-12-27T16:28:30","date_gmt":"2020-12-27T14:28:30","guid":{"rendered":"https:\/\/castilloeng.testidomain.info\/villa-castillo\/"},"modified":"2025-09-11T18:28:57","modified_gmt":"2025-09-11T16:28:57","slug":"villa-castillo","status":"publish","type":"page","link":"https:\/\/castillo.fi\/en\/villa-castillo\/","title":{"rendered":"Villa Castillo"},"content":{"rendered":"<div class=\"wpb-content-wrapper\"><p>[vc_row unlock_row_content=&#8221;yes&#8221; row_height_percent=&#8221;0&#8243; override_padding=&#8221;yes&#8221; h_padding=&#8221;2&#8243; top_padding=&#8221;2&#8243; bottom_padding=&#8221;2&#8243; back_color=&#8221;color-816856&#8243; overlay_alpha=&#8221;100&#8243; gutter_size=&#8221;100&#8243; column_width_percent=&#8221;100&#8243; shift_y=&#8221;0&#8243; z_index=&#8221;0&#8243; style=&#8221;inherited&#8221; row_name=&#8221;blog&#8221;][vc_column column_width_percent=&#8221;100&#8243; gutter_size=&#8221;3&#8243; overlay_alpha=&#8221;50&#8243; shift_x=&#8221;0&#8243; shift_y=&#8221;0&#8243; shift_y_down=&#8221;0&#8243; z_index=&#8221;0&#8243; medium_width=&#8221;0&#8243; mobile_width=&#8221;0&#8243; width=&#8221;1\/2&#8243;][vc_custom_heading]<\/p>\n<h4><span class=\"font-377884\" style=\"color: #333333;\">Villa Castillo &#8211; Chalet with the wonderful view up to 20 ppl<\/span><\/h4>\n<p>[\/vc_custom_heading][vc_column_text]<span style=\"color: #808080;\">The semi-detached house Villa Castillo is at the southern hillside of Kaunisp\u00e4\u00e4 above the tree line, about one kilometer away from the center. You\u2019ll have amazing highland fell views for three compass points from the balcony and from the big windows of Villa Castillo! From Villa Castillo you can see the northern lights and other light effects perfectly.<\/span><\/p>\n<p><span style=\"color: #808080;\">Villa Castillo is also perfect for bigger groups till 20 people. We have thought especially families while planning the equipments for the villa. After a day at outdoors you can use our many movies, boardgames, books, toys etc. (There are movies, boardgames and books in many languages: English, Spanish, Finnish, French, Germany, Russian and Swedish) Villa Castillo A has also baby equipments.<br \/>\nIt is possible to book the whole chalet Villa Castillo (16+4) or just one part of the Chalet (Villa Castillo A or Villa Castillo B, both 8+2).<\/span><\/p>\n<p><span style=\"color: #808080;\">The Saariselk\u00e4&#8217;s well taken care of ski tracks go by Villa Castillo. The slopes are only 1,5 kolometers away. After a day at the ski center you can ski straight to the chalet. The official toboggan slide is only 250 meters away (and the other good one is next the chalet) and the snow mobile route goes 100 meters from the Chalet. So all the winter activities are close. Vacation activities (for example snowmobile- husky- etc. safaris) are possible to add to your chalet reservation.<\/span>[\/vc_column_text][vc_separator sep_color=&#8221;color-212744&#8243; el_height=&#8221;1 px&#8221;][vc_column_text]<\/p>\n<h5><strong><span class=\"font-377884\" style=\"color: #333333;\">Basic information<\/span><\/strong><\/h5>\n<p>[\/vc_column_text][vc_row_inner][vc_column_inner width=&#8221;1\/2&#8243;][vc_column_text]<\/p>\n<h5><span style=\"color: #808080;\"><strong>Villa Castillo A<\/strong><\/span><\/h5>\n<ul>\n<li><span style=\"color: #808080;\">Number of persons: 8 + 2<br \/>\n<\/span><\/li>\n<li><span style=\"color: #808080;\">area: 125 m<sup>2<\/sup><\/span><\/li>\n<\/ul>\n<p><span style=\"color: #808080;\">Beds on the rooms<\/span><\/p>\n<ul>\n<li><span style=\"color: #808080;\">Downstairs bedroom: one persons bed 80 cm\u00a0<\/span><\/li>\n<li><span style=\"color: #808080;\">First floor bedroom number 1: 160 cm width bed for 2 persons<\/span><\/li>\n<li><span style=\"color: #808080;\">First floor bedroom number 2: 2 x 80 cm beds which can be together or separate<\/span><\/li>\n<li><span style=\"color: #808080;\">The loft: 2 x 90 cm beds + 1 x 80 cm bed + baby bed<\/span><\/li>\n<li><span style=\"color: #808080;\">Extra bed from the sofa<\/span><\/li>\n<\/ul>\n<div class=\"\"><span style=\"color: #333333;\">\u00a0<\/span><\/div>\n<p>[\/vc_column_text][\/vc_column_inner][vc_column_inner width=&#8221;1\/2&#8243;][vc_column_text]<\/p>\n<h5><span style=\"color: #808080;\"><strong>Villa Castillo B<\/strong><\/span><\/h5>\n<ul>\n<li><span style=\"color: #808080;\">Number of people: 9 + 1<br \/>\n<\/span><\/li>\n<li><span style=\"color: #808080;\">area: 125 m<sup>2<\/sup><\/span><\/li>\n<\/ul>\n<p><span style=\"color: #808080;\">Beds on the rooms<\/span><\/p>\n<ul>\n<li><span style=\"color: #808080;\">Downstairs bedroom: one persons bed 80 cm\u00a0<\/span><\/li>\n<li><span style=\"color: #808080;\">First floor bedroom number 1: 160 cm width bed for 2 persons<\/span><\/li>\n<li><span style=\"color: #808080;\">First floor bedroom number 2: 2 x 80 cm beds which can be together or separate<\/span><\/li>\n<li><span style=\"color: #808080;\">The loft: 2 x 90 cm beds + 1 x 80 cm bed <\/span><\/li>\n<li><span style=\"color: #808080;\">Extra bed from the sofa<\/span><\/li>\n<\/ul>\n<div class=\"\"><span style=\"color: #333333;\">\u00a0<\/span><\/div>\n<p>[\/vc_column_text][\/vc_column_inner][\/vc_row_inner][vc_separator sep_color=&#8221;color-212744&#8243; el_height=&#8221;1 px&#8221;][vc_column_text]<\/p>\n<h5><span class=\"font-377884\" style=\"color: #333333;\">Features<\/span><\/h5>\n<p>[\/vc_column_text][vc_row_inner][vc_column_inner width=&#8221;1\/2&#8243;][vc_column_text]<\/p>\n<ul>\n<li><span style=\"color: #808080;\">Fridge<\/span><\/li>\n<li><span style=\"color: #808080;\">Freezer<\/span><\/li>\n<li><span style=\"color: #808080;\">Dishwasher<\/span><\/li>\n<li><span style=\"color: #808080;\">Oven<\/span><\/li>\n<li><span style=\"color: #808080;\">Stove<\/span><\/li>\n<li><span style=\"color: #808080;\">Microwave oven<\/span><\/li>\n<li><span style=\"color: #808080;\">Coffee maker and electric kettle<\/span><\/li>\n<li><span style=\"color: #808080;\">Mixer<\/span><\/li>\n<li><span style=\"color: #808080;\">Washing machine<\/span><\/li>\n<li><span style=\"color: #808080;\">Drying cabinet<\/span><\/li>\n<li><span style=\"color: #808080;\">Iron and ironing bourd<\/span><\/li>\n<li><span style=\"color: #808080;\">Hairdryer<\/span><\/li>\n<li><span style=\"color: #808080;\">Solarpanel<\/span><\/li>\n<li><span style=\"color: #808080;\">Grill hut<\/span><\/li>\n<li><span style=\"color: #808080;\">Fireplace<\/span><\/li>\n<li><span style=\"color: #808080;\">Skifaxing room<\/span><\/li>\n<\/ul>\n<p>[\/vc_column_text][\/vc_column_inner][vc_column_inner width=&#8221;1\/2&#8243;][vc_column_text]<\/p>\n<ul>\n<li><span style=\"color: #808080;\">Internet connection<\/span><\/li>\n<li><span style=\"color: #808080;\">Parking place near the accommodation<\/span><\/li>\n<li><span style=\"color: #808080;\">Parking place with electricity<\/span><\/li>\n<li><span style=\"color: #808080;\">Charge electric car (extra charge)<\/span><\/li>\n<li><span style=\"color: #808080;\">Garage (extra charge)<\/span><\/li>\n<li><span style=\"color: #808080;\">Loft<\/span><\/li>\n<li><span style=\"color: #808080;\">Electric sauna<\/span><\/li>\n<li><span style=\"color: #808080;\">Shower x 2<\/span><\/li>\n<li><span style=\"color: #808080;\">Hearth<\/span><\/li>\n<li><span style=\"color: #808080;\">TV x 2<\/span><\/li>\n<li><span style=\"color: #808080;\">Toilet x 2<\/span><\/li>\n<li><span style=\"color: #808080;\">Bed linens (extra charge)<\/span><\/li>\n<li><span style=\"color: #808080;\">Pets allowed (extra charge)<\/span><\/li>\n<li><span style=\"color: #808080;\">Activities equipments (extra charge)<\/span><\/li>\n<li><span style=\"color: #808080;\">Activities (extra charge)<\/span><\/li>\n<\/ul>\n<p>[\/vc_column_text][\/vc_column_inner][\/vc_row_inner][vc_separator sep_color=&#8221;color-212744&#8243; el_height=&#8221;1 px&#8221;][vc_column_text]<\/p>\n<h5><span class=\"font-377884\" style=\"color: #333333;\">Leisure and sports activities<br \/>\n<\/span><\/h5>\n<p>[\/vc_column_text][vc_row_inner][vc_column_inner width=&#8221;1\/2&#8243;][vc_column_text]<\/p>\n<ul>\n<li><span style=\"color: #808080;\">Cross country skiing: 0,1 km<\/span><\/li>\n<li><span style=\"color: #808080;\">Ski resort: 1 km<\/span><\/li>\n<li><span style=\"color: #808080;\">Fishing: 5 km<\/span><\/li>\n<li><span style=\"color: #808080;\">Mountain biking: 0,1 km<\/span><\/li>\n<li><span style=\"color: #808080;\">Berry picking: 0,05 km<\/span><\/li>\n<li><span style=\"color: #808080;\">Hunting: 1 km<\/span><\/li>\n<\/ul>\n<p>[\/vc_column_text][\/vc_column_inner][vc_column_inner width=&#8221;1\/2&#8243;][vc_column_text]<\/p>\n<ul>\n<li><span style=\"color: #808080;\">Snowmobiling: 0,2 km<\/span><\/li>\n<li><span style=\"color: #808080;\">Horse riding: 2 km<\/span><\/li>\n<li><span style=\"color: #808080;\">Hiking: 0,1 km<\/span><\/li>\n<li><span style=\"color: #808080;\">Mushroom picking: 0,1 km<\/span><\/li>\n<li><span style=\"color: #808080;\">Swimming: 0,8 km<\/span><\/li>\n<li><span style=\"color: #808080;\">Boating: 30 km<\/span><\/li>\n<\/ul>\n<p>[\/vc_column_text][\/vc_column_inner][\/vc_row_inner][vc_separator sep_color=&#8221;color-212744&#8243; el_height=&#8221;1 px&#8221;][vc_column_text]<\/p>\n<h5><span class=\"font-377884\" style=\"color: #333333;\">Other distances<br \/>\n<\/span><\/h5>\n<p>[\/vc_column_text][vc_row_inner][vc_column_inner width=&#8221;1\/2&#8243;][vc_column_text]<\/p>\n<ul>\n<li><span style=\"color: #808080;\">Parking: 0,01 km<\/span><\/li>\n<li><span style=\"color: #808080;\">Neighbor: 0,1 km<\/span><\/li>\n<li><span style=\"color: #808080;\">Bus-stop: 0,5 km<\/span><\/li>\n<li><span style=\"color: #808080;\">Shop: 1,5 km<\/span><\/li>\n<li><span style=\"color: #808080;\">Gas station: 1,5 km<\/span><\/li>\n<li><span style=\"color: #808080;\">Ski resort: 1,5 km<\/span><\/li>\n<li><span style=\"color: #808080;\">Spa: 1,5 km<\/span><\/li>\n<li><span style=\"color: #808080;\">Urho Kekkonen National park: 1,5 km<\/span><\/li>\n<li><span style=\"color: #808080;\">Airport: 28 km<\/span><\/li>\n<li><span style=\"color: #808080;\">Railway station: 260 km<\/span><\/li>\n<\/ul>\n<p>[\/vc_column_text][\/vc_column_inner][vc_column_inner width=&#8221;1\/2&#8243;][vc_column_text]<\/p>\n<ul>\n<li><span style=\"color: #808080;\">Ivalo: 28 km<\/span><\/li>\n<li><span style=\"color: #808080;\">Rovaniemi: 259 km<\/span><\/li>\n<li><span style=\"color: #808080;\">Oulu: 464 km<\/span><\/li>\n<li><span style=\"color: #808080;\">Kuopio: 748 km<\/span><\/li>\n<li><span style=\"color: #808080;\">Vaasa: 782 km<\/span><\/li>\n<li><span style=\"color: #808080;\">Tampere: 964 km<\/span><\/li>\n<li><span style=\"color: #808080;\">Helsinki: 1070 km<\/span><\/li>\n<li><span style=\"color: #808080;\">Turku: 1092 km<\/span><\/li>\n<li><span style=\"color: #808080;\">Saint Petersburg: 1199 km<\/span><\/li>\n<li><span style=\"color: #808080;\">Stockholm: 1404 km<\/span><\/li>\n<\/ul>\n<p>[\/vc_column_text][\/vc_column_inner][\/vc_row_inner][\/vc_column][vc_column width=&#8221;1\/2&#8243;][layerslider_vc id=&#8221;3&#8243;][vc_separator sep_color=&#8221;color-212744&#8243; el_height=&#8221;1 px&#8221;][vc_column_text uncode_shortcode_id=&#8221;135105&#8243;]<span class=\"font-377884\" style=\"color: #0288d1;\"><a style=\"color: #0288d1;\" href=\"https:\/\/www.nettimokki.com\/en\/inari\/5217\" target=\"_blank\" rel=\"noopener noreferrer\">The availability Calendar \/ make a reservation, Villa Castillo A &gt;&gt;<\/a><\/span><br \/>\n<span class=\"font-377884\" style=\"color: #0288d1;\"> <a style=\"color: #0288d1;\" href=\"https:\/\/www.nettimokki.com\/en\/inari\/6364\" target=\"_blank\" rel=\"noopener noreferrer\">The availability Calendar \/ make a reservation, Villa Castillo B &gt;&gt;<\/a><\/span><br \/>\n<a href=\"https:\/\/castillo.fi\/en\/yhteydenotto\/\"><span style=\"color: #0288d1;\">Take contact&gt;&gt;<\/span><\/a>[\/vc_column_text][vc_separator sep_color=&#8221;color-212744&#8243; el_height=&#8221;1 px&#8221;][vc_column_text]<\/p>\n<h5><span class=\"font-377884\" style=\"color: #333333;\">Customers feedback<\/span><\/h5>\n<p><span style=\"color: #333333;\"><span style=\"color: #808080;\"><img decoding=\"async\" class=\"size-full wp-image-88597 alignleft\" src=\"https:\/\/castillo.fi\/wp-content\/uploads\/2020\/12\/russia_h_50.png\" alt=\"\" width=\"82\" height=\"50\" \/>&#8220;Lovely big house! Good kitchen, three separate bedrooms and one open type. Ideal for a large family or two families. Very beautiful nature around. It will be more convenient here with a car, as there are several kilometers to the supermarket and ski lifts. We will be happy to come again!&#8221;<\/span><\/span><\/p>\n<p><span style=\"color: #808080;\"><em>Lesya, 01\/2019, Russia<\/em><\/span><\/p>\n<p>&nbsp;<\/p>\n<p><span style=\"color: #333333;\"><span style=\"color: #808080;\"><img decoding=\"async\" class=\"size-full wp-image-88592 alignleft\" src=\"https:\/\/castillo.fi\/wp-content\/uploads\/2020\/11\/union-jack_h_50.png\" alt=\"\" width=\"84\" height=\"50\" \/>&#8220;Perfect place to stay for families or more families together. Wonderfull weather. Lots of new snow. Very well equipped kitchen. Light outside from around 10am-15 pm (mid january) &#8211; much more than we expected. Great place to do cross country skiing, downhill skiing and sledding. We would love to come back.&#8221;<\/span><\/span><\/p>\n<p><span style=\"color: #808080;\"><em>Karin, 1\/2020, Great Britain<br \/>\n<\/em><\/span><\/p>\n<p><span style=\"color: #333333;\"><span style=\"color: #808080;\"><img decoding=\"async\" class=\"size-full wp-image-88597 alignleft\" src=\"https:\/\/castillo.fi\/wp-content\/uploads\/2020\/11\/saksa_h_50.png\" alt=\"\" width=\"82\" height=\"50\" \/><span style=\"color: #808080;\">&#8220;Exactly what we expected. Nice and comfy with a big kitchen\/living-room and an awesome sauna.&#8221;<br \/>\n<\/span><\/span><\/span><\/p>\n<p><span style=\"color: #808080;\"><em>Marcel, 1\/2020, Germany<br \/>\n<\/em><\/span><\/p>\n<p><span style=\"color: #333333;\"><span style=\"color: #808080;\"><br \/>\n<img decoding=\"async\" class=\"size-full wp-image-88597 alignleft\" src=\"https:\/\/castillo.fi\/wp-content\/uploads\/2020\/11\/union-jack_h_50.png\" alt=\"\" width=\"82\" height=\"50\" \/>&#8220;The property was well equipped for children everything you needed was there very spacious and comfortable. The open plan bedroom and was a little walk into the village but not too far was a perfect villa&#8221;<\/span><\/span><br \/>\n<span style=\"color: #808080;\"><em><br \/>\nLisa, 12\/2029, Great Britain<\/em><\/span><\/p>\n<p><span style=\"color: #333333;\"><span style=\"color: #808080;\"><img decoding=\"async\" class=\"size-full wp-image-88597 alignleft\" src=\"https:\/\/castillo.fi\/wp-content\/uploads\/2020\/12\/russia_h_50.png\" alt=\"\" width=\"82\" height=\"50\" \/>&#8220;\u0412\u0441\u0435 \u043e\u0442\u043b\u0438\u0447\u043d\u043e. \u0425\u043e\u0440\u043e\u0448\u0438\u0439 \u0434\u043e\u043c. \u0422\u0435\u043f\u043b\u043e. \u041c\u043d\u043e\u0433\u043e \u0432\u0441\u0435\u0433\u043e. \u0418\u0433\u0440\u0443\u0448\u043a\u0438. \u041f\u043e\u0441\u0443\u0434\u0430 \u0432 \u0431\u043e\u043b\u044c\u0448\u043e\u043c \u043e\u0431\u044a\u0451\u043c\u0435 \u0434\u0430\u0436\u0435 \u0434\u043b\u044f \u0432\u044b\u043f\u0435\u0447\u043a\u0438. \u041c\u043d\u043e\u0433\u043e \u043d\u0430\u0441\u0442\u043e\u043b\u044c\u043d\u044b\u0445 \u0438\u0433\u0440. \u041e\u0442\u043b\u0438\u0447\u043d\u044b\u0439 \u0432\u0438\u0434.&#8221;<\/span><\/span><br \/>\n<span style=\"color: #808080;\"><em><br \/>\nLeon, 11\/2019, Russia<\/em><\/span><\/p>\n<p><span style=\"color: #333333;\"><span style=\"color: #808080;\"><img decoding=\"async\" class=\"size-full wp-image-88597 alignleft\" src=\"https:\/\/castillo.fi\/wp-content\/uploads\/2020\/11\/spain_h_50.png\" alt=\"\" width=\"82\" height=\"50\" \/>&#8220;llevo muchos a\u00f1os viajando a Laponia con grupos (compa\u00f1eros de empresa) Todo muy bien. excelente. Solamente me parece increible que en el cuarto de le\u00f1as\u00f3lo hab\u00eda maderitas con clavos restos de obra y que no hubiera la le\u00f1a normal como son troncos de pino, o cualquier le\u00f1a decente. por lo demas, excelente, maravilloso.&#8221;<\/span><\/span><br \/>\n<span style=\"color: #808080;\"><em><br \/>\nJose, 2\/2019, Spain<\/em><\/span><\/p>\n<p><span style=\"color: #333333;\"><span style=\"color: #808080;\"><img decoding=\"async\" class=\"size-full wp-image-88597 alignleft\" src=\"https:\/\/castillo.fi\/wp-content\/uploads\/2020\/12\/russia_h_50.png\" alt=\"\" width=\"82\" height=\"50\" \/>&#8220;\u0412\u0438\u043b\u043b\u0430 \u0443\u043a\u043e\u043c\u043f\u043b\u0435\u043a\u0442\u043e\u0432\u0430\u043d\u0430 \u0432\u0441\u0435\u043c \u043d\u0435\u043e\u0431\u0445\u043e\u0434\u0438\u043c\u044b\u043c. \u041c\u043d\u043e\u0433\u043e \u043f\u043e\u0441\u0443\u0434\u044b, \u0438\u0433\u0440\u0443\u0448\u043a\u0438 \u0434\u043b\u044f \u0434\u0435\u0442\u0435\u0439, \u043a\u0443\u0445\u043e\u043d\u043d\u0430\u044f \u0438 \u0434\u0440\u0443\u0433\u0430\u044f \u043e\u0442\u043b\u0438\u0447\u043d\u0430\u044f \u0442\u0435\u0445\u043d\u0438\u043a\u0430. \u0411\u043e\u043b\u044c\u0448\u0430\u044f \u0443\u044e\u0442\u043d\u0430\u044f \u0433\u043e\u0441\u0442\u0438\u043d\u0430\u044f. \u0421\u043f\u0430\u0441\u0438\u0431\u043e \u0437\u0430 \u043e\u0442\u0434\u044b\u0445.&#8221;<\/span><\/span><\/p>\n<p><span style=\"color: #808080;\"><em><br \/>\nValentina, 1\/2019, Russia<\/em><\/span><\/p>\n<p><span style=\"color: #333333;\"><span style=\"color: #808080;\"><img decoding=\"async\" class=\"size-full wp-image-88527 alignleft\" src=\"https:\/\/castillo.fi\/wp-content\/uploads\/2020\/10\/sveitsi_h_50_px.png\" alt=\"\" width=\"82\" height=\"50\" \/>&#8220;Das Haus ist sehr gut ausgestattet. Hat alles was man braucht f\u00fcr die kalte Jahreszeit. Ist sehr gross ideal f\u00fcr Grossfamilien oder gr\u00f6ssere Reisegruppen. Lage ist gut, sehr nahe zum Dorfzentrum (auch zu Fuss).&#8221;<\/span><\/span><\/p>\n<p><span style=\"color: #808080;\"><em><br \/>\nDehan 2\/2020, Switzerland<br \/>\n<\/em><\/span>[\/vc_column_text][\/vc_column][\/vc_row][vc_row row_height_percent=&#8221;0&#8243; override_padding=&#8221;yes&#8221; h_padding=&#8221;2&#8243; top_padding=&#8221;1&#8243; bottom_padding=&#8221;1&#8243; back_color=&#8221;color-816856&#8243; overlay_alpha=&#8221;0&#8243; gutter_size=&#8221;3&#8243; column_width_percent=&#8221;100&#8243; shift_y=&#8221;0&#8243; z_index=&#8221;0&#8243;][vc_column width=&#8221;1\/1&#8243;][vc_column_text]<a href=\"https:\/\/castillo.fi\/en\/\"><span style=\"color: #0288d1;\">&lt;&lt; Back to front page<\/span><\/a>[\/vc_column_text][\/vc_column][\/vc_row]<\/p>\n<\/div>","protected":false},"excerpt":{"rendered":"<p>Villa Castillo<\/p>\n","protected":false},"author":1,"featured_media":0,"parent":0,"menu_order":0,"comment_status":"open","ping_status":"closed","template":"","meta":{"footnotes":""},"class_list":["post-89067","page","type-page","status-publish","hentry","page_category-mokki-en"],"_links":{"self":[{"href":"https:\/\/castillo.fi\/en\/wp-json\/wp\/v2\/pages\/89067","targetHints":{"allow":["GET"]}}],"collection":[{"href":"https:\/\/castillo.fi\/en\/wp-json\/wp\/v2\/pages"}],"about":[{"href":"https:\/\/castillo.fi\/en\/wp-json\/wp\/v2\/types\/page"}],"author":[{"embeddable":true,"href":"https:\/\/castillo.fi\/en\/wp-json\/wp\/v2\/users\/1"}],"replies":[{"embeddable":true,"href":"https:\/\/castillo.fi\/en\/wp-json\/wp\/v2\/comments?post=89067"}],"version-history":[{"count":46,"href":"https:\/\/castillo.fi\/en\/wp-json\/wp\/v2\/pages\/89067\/revisions"}],"predecessor-version":[{"id":90239,"href":"https:\/\/castillo.fi\/en\/wp-json\/wp\/v2\/pages\/89067\/revisions\/90239"}],"wp:attachment":[{"href":"https:\/\/castillo.fi\/en\/wp-json\/wp\/v2\/media?parent=89067"}],"curies":[{"name":"wp","href":"https:\/\/api.w.org\/{rel}","templated":true}]}}