{"id":91548,"date":"2025-12-19T11:23:09","date_gmt":"2025-12-19T09:23:09","guid":{"rendered":"https:\/\/castillo.fi\/?page_id=91548"},"modified":"2025-12-19T11:34:09","modified_gmt":"2025-12-19T09:34:09","slug":"castillo-teerenpesue","status":"publish","type":"page","link":"https:\/\/castillo.fi\/en\/castillo-teerenpesue\/","title":{"rendered":"Castillo Teerenpesue"},"content":{"rendered":"<div class=\"wpb-content-wrapper\"><p>[vc_row unlock_row_content=&#8221;yes&#8221; row_height_percent=&#8221;0&#8243; override_padding=&#8221;yes&#8221; h_padding=&#8221;2&#8243; top_padding=&#8221;2&#8243; bottom_padding=&#8221;2&#8243; back_color=&#8221;color-816856&#8243; overlay_alpha=&#8221;100&#8243; gutter_size=&#8221;100&#8243; column_width_percent=&#8221;100&#8243; shift_y=&#8221;0&#8243; z_index=&#8221;0&#8243; style=&#8221;inherited&#8221; row_name=&#8221;blog&#8221;][vc_column column_width_percent=&#8221;100&#8243; gutter_size=&#8221;3&#8243; overlay_alpha=&#8221;50&#8243; shift_x=&#8221;0&#8243; shift_y=&#8221;0&#8243; shift_y_down=&#8221;0&#8243; z_index=&#8221;0&#8243; medium_width=&#8221;0&#8243; mobile_width=&#8221;0&#8243; width=&#8221;1\/2&#8243;][vc_custom_heading uncode_shortcode_id=&#8221;176390&#8243;]<\/p>\n<h4><span class=\"font-377884\" style=\"color: #333333;\">CASTILLO TEERENPESUE B 16 -accommodation in a perfect location, 6 pax<\/span><\/h4>\n<p>[\/vc_custom_heading][vc_column_text uncode_shortcode_id=&#8221;154387&#8243;]<span style=\"color: #808080;\"><br \/>\nCastillo Teerenpesue B 16 is a spacious holiday apartment with three bedrooms, accommodating six persons, located in the center of Saariselk\u00e4 in a perfect location.<\/span><\/p>\n<p><span style=\"color: #808080;\"><br \/>\nAll services (shopping center, restaurants, dance venues, gym, equipment rental shops, activity agencies, bowling alley, etc.) are as close as possible. Similarly, in winter, the cross-country ski trails, snowmobile and biking routes run right next to the property. The ski resort and other winter activities, such as Europe&#8217;s longest toboggan run and the ice hockey rink, are also practically next door. In the summer, the hiking and cycling terrains, frisbee golf course, Saariselk\u00e4&#8217;s official swimming beach, and so on, are equally close by.<br \/>\n<\/span><span style=\"color: #808080;\"><br \/>\nHowever, the apartment is still situated in a peaceful location at the end of the terraced house.<br \/>\nThe apartment&#8217;s bedrooms are on two floors. The main bedroom is downstairs, and the upper floor has two double bedrooms. The apartment has two separate toilets (WCs). One toilet is downstairs, and the other is connected to the two bedrooms upstairs. The kitchen is well-equipped, as is the rest of the apartment. The accommodation&#8217;s large fireplace creates a cozy atmosphere throughout the whole apartment on cool evenings. Nature experiences await just by opening the door. This accommodation is a functional solution for a family with children. A travel cot, high chair, potty, and other items can be ordered in advance for a small child.<br \/>\n<\/span><span style=\"color: #808080;\"><br \/>\nPets are welcome in the apartment. The apartment includes a lockable, dedicated storage room for skis, bikes, and other hobby equipment.<br \/>\n<\/span><span style=\"color: #808080;\"><br \/>\nThe apartment includes a parking space with an electrical outlet (for engine block heating). There is also plenty of room in the yard area for more than one car. Electric car charging is available 200 meters away at the Kuukkeli shopping center or the Neste service station. The bus stop is also a short distance from the apartment. It is easy to reach the apartment, whether you come by your own car, plane, or bus.<br \/>\nCastillo Teerenpesue B 16 located in a dream location for those who want to be close to all services and activity options, yet still enjoy their holiday in a peaceful spot!<\/span>[\/vc_column_text][vc_separator sep_color=&#8221;color-212744&#8243; el_height=&#8221;1 px&#8221;][vc_column_text]<\/p>\n<h5><strong><span class=\"font-377884\" style=\"color: #333333;\">Basic information<\/span><\/strong><\/h5>\n<p>[\/vc_column_text][vc_row_inner][vc_column_inner width=&#8221;1\/1&#8243;][vc_column_text uncode_shortcode_id=&#8221;799491&#8243;]<\/p>\n<ul>\n<li><span style=\"color: #808080;\">Number of persons: 6<\/span><\/li>\n<li><span style=\"color: #808080;\">Area: downstairs 50,5 m<sup>2<\/sup> + upstairs 25 m<sup>2<\/sup><\/span><\/li>\n<\/ul>\n<p><span style=\"color: #808080;\">Huone-\/vuodejako<\/span><\/p>\n<ul>\n<li><span style=\"color: #808080;\">Mh 1: 1 kahden hengen paris\u00e4nky<\/span><\/li>\n<li><span style=\"color: #808080;\">Mh 2: 2 x 1 hengen runkopatja, voi olla vierekk\u00e4in tai erill\u00e4\u00e4n<\/span><\/li>\n<li><span style=\"color: #808080;\">Mh 3: 2 x 1 hengen runkopatja, voi olla vierekk\u00e4in tai erill\u00e4\u00e4n<\/span><\/li>\n<\/ul>\n<p>[\/vc_column_text][\/vc_column_inner][\/vc_row_inner][vc_separator sep_color=&#8221;color-212744&#8243; el_height=&#8221;1 px&#8221;][vc_column_text]<\/p>\n<h5><span class=\"font-377884\" style=\"color: #333333;\">Features<\/span><\/h5>\n<p>[\/vc_column_text][vc_row_inner][vc_column_inner width=&#8221;1\/2&#8243;][vc_column_text uncode_shortcode_id=&#8221;182221&#8243;]<\/p>\n<ul>\n<li><span style=\"color: #808080;\">Fridge<\/span><\/li>\n<li><span style=\"color: #808080;\">Shower\u00a0x 1<\/span><\/li>\n<li><span style=\"color: #808080;\">Toilet x 2<\/span><\/li>\n<li><span style=\"color: #808080;\">Dishwasher<\/span><\/li>\n<li><span style=\"color: #808080;\">Oven<\/span><\/li>\n<li><span style=\"color: #808080;\">Stove<\/span><\/li>\n<li><span style=\"color: #808080;\">Microwave oven<\/span><\/li>\n<li><span style=\"color: #808080;\">Coffee maker and electric kettle<\/span><\/li>\n<li><span style=\"color: #808080;\">Mixer<\/span><\/li>\n<li><span style=\"color: #808080;\">Washing machine<\/span><\/li>\n<li><span style=\"color: #808080;\">Drying cabinet<\/span><\/li>\n<li><span style=\"color: #808080;\">Dryer<\/span><\/li>\n<\/ul>\n<p>[\/vc_column_text][\/vc_column_inner][vc_column_inner width=&#8221;1\/2&#8243;][vc_column_text uncode_shortcode_id=&#8221;515969&#8243;]<\/p>\n<ul>\n<li><span style=\"color: #808080;\">Iron and ironing bourd<\/span><\/li>\n<li><span style=\"color: #808080;\">Skifaxing room<\/span><\/li>\n<li><span style=\"color: #808080;\">Internet connection<\/span><\/li>\n<li><span style=\"color: #808080;\">Parking place near the accommodation<\/span><\/li>\n<li><span style=\"color: #808080;\">Electric sauna<\/span><\/li>\n<li><span style=\"color: #808080;\">Fireplace<\/span><\/li>\n<li><span style=\"color: #808080;\">Bed linens (extra charge)<\/span><\/li>\n<li><span style=\"color: #808080;\">Pets allowed (extra charge)<\/span><\/li>\n<li><span style=\"color: #808080;\">Activities equipments (extra charge)<\/span><\/li>\n<li><span style=\"color: #808080;\">Activities (extra charge)<\/span><\/li>\n<li><span style=\"color: #808080;\">Parking place with electricity<\/span><\/li>\n<li><span style=\"color: #808080;\">TV x 2<\/span><\/li>\n<\/ul>\n<p>[\/vc_column_text][\/vc_column_inner][\/vc_row_inner][vc_separator sep_color=&#8221;color-212744&#8243; el_height=&#8221;1 px&#8221;][vc_column_text]<\/p>\n<h5><span class=\"font-377884\" style=\"color: #333333;\">Leisure and sports activities<br \/>\n<\/span><\/h5>\n<p>[\/vc_column_text][vc_row_inner][vc_column_inner width=&#8221;1\/2&#8243;][vc_column_text uncode_shortcode_id=&#8221;730280&#8243;]<\/p>\n<ul>\n<li><span style=\"color: #808080;\">Cross country skiing: 0,1 km<\/span><\/li>\n<li><span style=\"color: #808080;\">Ski resort: 1,5 km<\/span><\/li>\n<li><span style=\"color: #808080;\">Fishing: 2 km<\/span><\/li>\n<li><span style=\"color: #808080;\">Mountain biking 0,1 km<\/span><\/li>\n<li><span style=\"color: #808080;\">Berry picking: 0,1 km<\/span><\/li>\n<li><span style=\"color: #808080;\">Hunting: 2 km<\/span><\/li>\n<\/ul>\n<p>[\/vc_column_text][\/vc_column_inner][vc_column_inner width=&#8221;1\/2&#8243;][vc_column_text uncode_shortcode_id=&#8221;201222&#8243;]<\/p>\n<ul>\n<li><span style=\"color: #808080;\">Snowmobiling: 0,1 km<\/span><\/li>\n<li><span style=\"color: #808080;\">Horse riding: 1 km<\/span><\/li>\n<li><span style=\"color: #808080;\">Hiking: 0,1 km<\/span><\/li>\n<li><span style=\"color: #808080;\">Mushroom picking: 0,1 km<\/span><\/li>\n<li><span style=\"color: #808080;\">Swimming: 0,3 km<\/span><\/li>\n<li><span style=\"color: #808080;\">Boating: 30 km<\/span><\/li>\n<\/ul>\n<p>[\/vc_column_text][\/vc_column_inner][\/vc_row_inner][vc_separator sep_color=&#8221;color-212744&#8243; el_height=&#8221;1 px&#8221;][\/vc_column][vc_column width=&#8221;1\/2&#8243;][layerslider_vc id=&#8221;24&#8243;][vc_separator sep_color=&#8221;color-212744&#8243; el_height=&#8221;1 px&#8221;][vc_column_text uncode_shortcode_id=&#8221;748029&#8243;]<a href=\"https:\/\/www.nettimokki.com\/en\/saariselka\/castillo-teerenpesue-b-16\/51972\/\" target=\"_blank\" rel=\"noopener noreferrer\"><span class=\"font-377884\" style=\"color: #0288d1;\">The availability Calendar \/ make a reservation, Castillo Teerenpesue &gt;&gt;<\/span><\/a><br \/>\n<a href=\"https:\/\/castillo.fi\/en\/yhteydenotto\/\"><span style=\"color: #0288d1;\">Take contact &gt;&gt;<\/span><\/a>[\/vc_column_text][vc_separator sep_color=&#8221;color-212744&#8243; el_height=&#8221;1 px&#8221;][vc_column_text][\/vc_column_text][\/vc_column][\/vc_row][vc_row row_height_percent=&#8221;0&#8243; override_padding=&#8221;yes&#8221; h_padding=&#8221;2&#8243; top_padding=&#8221;1&#8243; bottom_padding=&#8221;1&#8243; back_color=&#8221;color-816856&#8243; overlay_alpha=&#8221;0&#8243; gutter_size=&#8221;3&#8243; column_width_percent=&#8221;100&#8243; shift_y=&#8221;0&#8243; z_index=&#8221;0&#8243;][vc_column width=&#8221;1\/1&#8243;][vc_column_text]<a href=\"https:\/\/castillo.fi\/en\/\"><span style=\"color: #0288d1;\">&lt;&lt; &lt;&lt; Back to front page<\/span><\/a>[\/vc_column_text][\/vc_column][\/vc_row]<\/p>\n<\/div>","protected":false},"excerpt":{"rendered":"<p>Castillo Teerenpesue<\/p>\n","protected":false},"author":1,"featured_media":0,"parent":0,"menu_order":0,"comment_status":"open","ping_status":"closed","template":"","meta":{"footnotes":""},"class_list":["post-91548","page","type-page","status-publish","hentry","page_category-mokki-en"],"_links":{"self":[{"href":"https:\/\/castillo.fi\/en\/wp-json\/wp\/v2\/pages\/91548","targetHints":{"allow":["GET"]}}],"collection":[{"href":"https:\/\/castillo.fi\/en\/wp-json\/wp\/v2\/pages"}],"about":[{"href":"https:\/\/castillo.fi\/en\/wp-json\/wp\/v2\/types\/page"}],"author":[{"embeddable":true,"href":"https:\/\/castillo.fi\/en\/wp-json\/wp\/v2\/users\/1"}],"replies":[{"embeddable":true,"href":"https:\/\/castillo.fi\/en\/wp-json\/wp\/v2\/comments?post=91548"}],"version-history":[{"count":9,"href":"https:\/\/castillo.fi\/en\/wp-json\/wp\/v2\/pages\/91548\/revisions"}],"predecessor-version":[{"id":91595,"href":"https:\/\/castillo.fi\/en\/wp-json\/wp\/v2\/pages\/91548\/revisions\/91595"}],"wp:attachment":[{"href":"https:\/\/castillo.fi\/en\/wp-json\/wp\/v2\/media?parent=91548"}],"curies":[{"name":"wp","href":"https:\/\/api.w.org\/{rel}","templated":true}]}}